{"id":9572,"date":"2026-01-23T10:04:05","date_gmt":"2026-01-23T15:04:05","guid":{"rendered":"https:\/\/moustache.com.co\/clientes\/caliercolombia\/?page_id=9572"},"modified":"2026-01-23T10:22:18","modified_gmt":"2026-01-23T15:22:18","slug":"contacto","status":"publish","type":"page","link":"https:\/\/moustache.com.co\/clientes\/caliercolombia\/contacto\/","title":{"rendered":"Contacto"},"content":{"rendered":"<section class=\"l-section wpb_row us_custom_bde5c385 height_medium\"><div class=\"l-section-h i-cf\"><div class=\"g-cols vc_row via_flex valign_top type_default stacking_default\"><div class=\"vc_col-sm-6 wpb_column vc_column_container\"><div class=\"vc_column-inner\"><div class=\"wpb_wrapper\"><div class=\"w-separator size_medium\"><\/div><div class=\"w-image align_none\"><div class=\"w-image-h\"><img decoding=\"async\" width=\"811\" height=\"722\" src=\"https:\/\/moustache.com.co\/clientes\/caliercolombia\/wp-content\/uploads\/2026\/01\/contacto.webp\" class=\"attachment-large size-large\" alt=\"\" loading=\"lazy\" srcset=\"https:\/\/moustache.com.co\/clientes\/caliercolombia\/wp-content\/uploads\/2026\/01\/contacto.webp 811w, https:\/\/moustache.com.co\/clientes\/caliercolombia\/wp-content\/uploads\/2026\/01\/contacto-300x267.webp 300w, https:\/\/moustache.com.co\/clientes\/caliercolombia\/wp-content\/uploads\/2026\/01\/contacto-400x356.webp 400w, https:\/\/moustache.com.co\/clientes\/caliercolombia\/wp-content\/uploads\/2026\/01\/contacto-500x445.webp 500w\" sizes=\"auto, (max-width: 811px) 100vw, 811px\" \/><\/div><\/div><\/div><\/div><\/div><div class=\"vc_col-sm-6 wpb_column vc_column_container\"><div class=\"vc_column-inner\"><div class=\"wpb_wrapper\"><div class=\"wpb_text_column\"><div class=\"wpb_wrapper\"><h4 data-start=\"159\" data-end=\"447\">\u00bfTienes preguntas, necesitas asesor\u00eda t\u00e9cnica o deseas conocer m\u00e1s sobre nuestros productos y soluciones?<\/h4>\n<\/div><\/div><div class=\"w-separator size_small\"><\/div><div class=\"wpb_text_column\"><div class=\"wpb_wrapper\"><p data-start=\"159\" data-end=\"447\">En <strong data-start=\"270\" data-end=\"306\">Calier Internacional de Colombia<\/strong> estamos listos para ayudarte. Nuestro equipo estar\u00e1 encantado de brindarte atenci\u00f3n personalizada y acompa\u00f1arte en cada etapa de tu proceso.<\/p>\n<\/div><\/div><div class=\"wpb_text_column\"><div class=\"wpb_wrapper\"><p data-start=\"449\" data-end=\"711\">Escr\u00edbenos a trav\u00e9s del formulario o comun\u00edcate directamente por nuestros canales oficiales.<br data-start=\"544\" data-end=\"547\" \/>Vis\u00edtanos en nuestras instalaciones o agenda una cita con nuestros especialistas.<br data-start=\"631\" data-end=\"634\" \/>Estamos comprometidos con ofrecerte un servicio \u00e1gil, confiable y cercano.<\/p>\n<\/div><\/div><div class=\"w-separator size_small\"><\/div><form class=\"w-form  us-field-style_1 layout_ver show_message_after_sending for_cform us_form_1\" action=\"https:\/\/moustache.com.co\/clientes\/caliercolombia\/clientes\/caliercolombia\/wp-json\/wp\/v2\/pages\/9572\" method=\"post\"><div class=\"w-form-h\"><div class=\"w-form-row for_text\">\r\n\t\t<div class=\"w-form-row-field\">\r\n\t\t\t\t\t\t<input aria-label=\"Nombre\" type=\"text\" name=\"us_form_1_text_1\" value placeholder=\"Nombre\"\/>\r\n\t\t\t<\/div>\r\n\t\t<div class=\"w-form-row-state\">Fill out this field<\/div>\r\n<\/div>\r\n<div class=\"w-form-row for_email\">\r\n\t\t<div class=\"w-form-row-field\">\r\n\t\t\t\t\t\t<input aria-label=\"Correo electr\u00f3nico\" type=\"email\" name=\"us_form_1_email_1\" value placeholder=\"Correo electr\u00f3nico\"\/>\r\n\t\t\t<\/div>\r\n\t\t<div class=\"w-form-row-state\">Por favor, introduce una direcci\u00f3n de correo v\u00e1lida.<\/div>\r\n<\/div>\r\n<div class=\"w-form-row for_textarea\">\r\n\t\t<div class=\"w-form-row-field\">\r\n\t\t\t\t\t\t<textarea aria-label=\"Texto\" name=\"us_form_1_textarea_1\" placeholder=\"Texto\"><\/textarea>\r\n\t\t\t<\/div>\r\n\t\t<div class=\"w-form-row-state\">Fill out this field<\/div>\r\n<\/div>\r\n<input type=\"hidden\" name=\"action\" value=\"us_ajax_cform\" \/>\r\n<input type=\"hidden\" name=\"post_id\" value=\"0\" \/>\r\n<input type=\"hidden\" name=\"form_index\" value=\"1\" \/>\r\n<div class=\"w-form-row for_submit align_none\">\r\n\t<button class=\"w-btn  us-btn-style_1\" aria-label=\"Enviar\" type=\"submit\">\r\n\t\t<span class=\"g-preloader type_1\"><\/span>\r\n\t\t\t\t<span class=\"w-btn-label\">Enviar<\/span>\r\n\t\t\t<\/button>\r\n\t<\/div>\r\n<\/div><div class=\"w-form-message\"><\/div><div class=\"w-form-json hidden\" onclick='return {&quot;ajaxurl&quot;:&quot;https:\\\/\\\/moustache.com.co\\\/clientes\\\/caliercolombia\\\/wp-admin\\\/admin-ajax.php&quot;,&quot;messages&quot;:{&quot;err_empty&quot;:&quot;Fill out this field&quot;,&quot;err_size&quot;:&quot;File size cannot exceed %s MB&quot;,&quot;err_extension&quot;:&quot;%s file type is not allowed&quot;,&quot;err_recaptcha_keys&quot;:&quot;reCAPTCHA keys are incorrect&quot;}}'><\/div><\/form><\/div><\/div><\/div><\/div><\/div><\/section>\n","protected":false},"excerpt":{"rendered":"\u00bfTienes preguntas, necesitas asesor\u00eda t\u00e9cnica o deseas conocer m\u00e1s sobre nuestros productos y soluciones? En Calier Internacional de Colombia estamos listos para ayudarte. Nuestro equipo estar\u00e1 encantado de brindarte atenci\u00f3n personalizada y acompa\u00f1arte en cada etapa de tu proceso. Escr\u00edbenos a trav\u00e9s del formulario o comun\u00edcate directamente por nuestros canales oficiales.Vis\u00edtanos en nuestras instalaciones o...","protected":false},"author":1,"featured_media":0,"parent":0,"menu_order":0,"comment_status":"closed","ping_status":"closed","template":"","meta":{"_acf_changed":false,"footnotes":""},"class_list":["post-9572","page","type-page","status-publish","hentry"],"acf":[],"_links":{"self":[{"href":"https:\/\/moustache.com.co\/clientes\/caliercolombia\/wp-json\/wp\/v2\/pages\/9572","targetHints":{"allow":["GET"]}}],"collection":[{"href":"https:\/\/moustache.com.co\/clientes\/caliercolombia\/wp-json\/wp\/v2\/pages"}],"about":[{"href":"https:\/\/moustache.com.co\/clientes\/caliercolombia\/wp-json\/wp\/v2\/types\/page"}],"author":[{"embeddable":true,"href":"https:\/\/moustache.com.co\/clientes\/caliercolombia\/wp-json\/wp\/v2\/users\/1"}],"replies":[{"embeddable":true,"href":"https:\/\/moustache.com.co\/clientes\/caliercolombia\/wp-json\/wp\/v2\/comments?post=9572"}],"version-history":[{"count":19,"href":"https:\/\/moustache.com.co\/clientes\/caliercolombia\/wp-json\/wp\/v2\/pages\/9572\/revisions"}],"predecessor-version":[{"id":9593,"href":"https:\/\/moustache.com.co\/clientes\/caliercolombia\/wp-json\/wp\/v2\/pages\/9572\/revisions\/9593"}],"wp:attachment":[{"href":"https:\/\/moustache.com.co\/clientes\/caliercolombia\/wp-json\/wp\/v2\/media?parent=9572"}],"curies":[{"name":"wp","href":"https:\/\/api.w.org\/{rel}","templated":true}]}}