{"id":9538,"date":"2026-01-19T17:05:45","date_gmt":"2026-01-19T22:05:45","guid":{"rendered":"https:\/\/moustache.com.co\/clientes\/caliercolombia\/?page_id=9538"},"modified":"2026-02-03T23:04:54","modified_gmt":"2026-02-04T04:04:54","slug":"linea-etica","status":"publish","type":"page","link":"https:\/\/moustache.com.co\/clientes\/caliercolombia\/linea-etica\/","title":{"rendered":"L\u00ednea \u00c9tica"},"content":{"rendered":"<section class=\"l-section wpb_row us_custom_bde5c385 height_medium\"><div class=\"l-section-h i-cf\"><div class=\"g-cols vc_row via_flex valign_middle type_default stacking_default\"><div class=\"vc_col-sm-6 wpb_column vc_column_container\"><div class=\"vc_column-inner\"><div class=\"wpb_wrapper\"><div class=\"wpb_text_column\"><div class=\"wpb_wrapper\"><h2>L\u00cdNEA \u00c9TICA<\/h2>\n<\/div><\/div><div class=\"w-separator size_medium\"><\/div><div class=\"w-image align_none\"><div class=\"w-image-h\"><img decoding=\"async\" width=\"431\" height=\"473\" src=\"https:\/\/moustache.com.co\/clientes\/caliercolombia\/wp-content\/uploads\/2024\/04\/quienes-somos-calier.png\" class=\"attachment-large size-large\" alt=\"\" loading=\"lazy\" srcset=\"https:\/\/moustache.com.co\/clientes\/caliercolombia\/wp-content\/uploads\/2024\/04\/quienes-somos-calier.png 431w, https:\/\/moustache.com.co\/clientes\/caliercolombia\/wp-content\/uploads\/2024\/04\/quienes-somos-calier-273x300.png 273w, https:\/\/moustache.com.co\/clientes\/caliercolombia\/wp-content\/uploads\/2024\/04\/quienes-somos-calier-15x15.png 15w\" sizes=\"auto, (max-width: 431px) 100vw, 431px\" \/><\/div><\/div><\/div><\/div><\/div><div class=\"vc_col-sm-6 wpb_column vc_column_container\"><div class=\"vc_column-inner\"><div class=\"wpb_wrapper\"><div class=\"wpb_text_column\"><div class=\"wpb_wrapper\"><p>En Calier Internacional de Colombia promovemos una cultura de integridad, transparencia y cumplimiento. Por ello, ponemos a disposici\u00f3n de colaboradores, clientes, proveedores y dem\u00e1s grupos de inter\u00e9s nuestro Programa de Transparencia y \u00c9tica Empresarial (PTEE), a trav\u00e9s del cual pueden reportar de forma segura y confidencial cualquier conducta irregular, situaci\u00f3n sospechosa o posible incumplimiento a nuestros principios \u00e9ticos o a la normativa vigente.<\/p>\n<p>Si tienes conocimiento o sospecha de hechos relacionados con fraude, corrupci\u00f3n, soborno, conflictos de inter\u00e9s u otras pr\u00e1cticas contrarias al PTEE, te invitamos a realizar la denuncia formal a trav\u00e9s del siguiente enlace:<\/p>\n<\/div><\/div><div class=\"w-popup w-btn-wrapper align_none\"><button type=\"button\" aria-label=\"Aqu\u00ed\" class=\"w-popup-trigger type_btn w-btn us-btn-style_4\"><span class=\"w-btn-label\">Aqu\u00ed<\/span><\/button><div class=\"w-popup-overlay\" style=\"background:rgba(0,0,0,0.85);\"><\/div><div class=\"w-popup-wrap layout_default\" role=\"dialog\" aria-modal=\"true\" aria-label=\"Aqu\u00ed\" style=\"--title-color:var(--color-content-heading);--title-bg-color:var(--color-content-bg-alt);--content-color:var(--color-content-text);--content-bg-color:var(--color-content-bg-grad, var(--color-content-bg) );--popup-width:600px;--popup-padding:5%;\"><button aria-label=\"Cerrar\" class=\"w-popup-closer\" type=\"button\"><\/button><div class=\"w-popup-box animation_fadeIn closerpos_outside without_title\"><div class=\"w-popup-box-h\"><div class=\"w-popup-box-content\"><p><iframe loading=\"lazy\" src=\"https:\/\/forms.gle\/ieYPGBHpRcJrYiMY7\" width=\"100%\" height=\"650\" frameborder=\"0\" marginwidth=\"0\" marginheight=\"0\"><br \/>\n<\/iframe><\/p>\n<\/div><\/div><\/div><\/div><\/div><div class=\"w-separator size_small\"><\/div><div class=\"wpb_text_column\"><div class=\"wpb_wrapper\"><p>Adicionalmente, podr\u00e1s adjuntar documentos, archivos, fotos, videos, audios o cualquier evidencia que respalden tu reporte mediante el siguiente enlace:<\/p>\n<\/div><\/div><div class=\"w-popup w-btn-wrapper align_none\"><button type=\"button\" aria-label=\"Aqu\u00ed\" class=\"w-popup-trigger type_btn w-btn us-btn-style_4\"><span class=\"w-btn-label\">Aqu\u00ed<\/span><\/button><div class=\"w-popup-overlay\" style=\"background:rgba(0,0,0,0.85);\"><\/div><div class=\"w-popup-wrap layout_default\" role=\"dialog\" aria-modal=\"true\" aria-label=\"Aqu\u00ed\" style=\"--title-color:var(--color-content-heading);--title-bg-color:var(--color-content-bg-alt);--content-color:var(--color-content-text);--content-bg-color:var(--color-content-bg-grad, var(--color-content-bg) );--popup-width:600px;--popup-padding:5%;\"><button aria-label=\"Cerrar\" class=\"w-popup-closer\" type=\"button\"><\/button><div class=\"w-popup-box animation_fadeIn closerpos_outside without_title\"><div class=\"w-popup-box-h\"><div class=\"w-popup-box-content\"><p><iframe loading=\"lazy\" src=\" https:\/\/forms.gle\/HuS4WF44nrN8yqgz5\" width=\"100%\" height=\"650\" frameborder=\"0\" marginwidth=\"0\" marginheight=\"0\"><br \/>\n<\/iframe><\/p>\n<\/div><\/div><\/div><\/div><\/div><\/div><\/div><\/div><\/div><\/div><\/section>\n","protected":false},"excerpt":{"rendered":"L\u00cdNEA \u00c9TICA En Calier Internacional de Colombia promovemos una cultura de integridad, transparencia y cumplimiento. Por ello, ponemos a disposici\u00f3n de colaboradores, clientes, proveedores y dem\u00e1s grupos de inter\u00e9s nuestro Programa de Transparencia y \u00c9tica Empresarial (PTEE), a trav\u00e9s del cual pueden reportar de forma segura y confidencial cualquier conducta irregular, situaci\u00f3n sospechosa o posible...","protected":false},"author":1,"featured_media":0,"parent":0,"menu_order":0,"comment_status":"closed","ping_status":"closed","template":"","meta":{"_acf_changed":false,"footnotes":""},"class_list":["post-9538","page","type-page","status-publish","hentry"],"acf":[],"_links":{"self":[{"href":"https:\/\/moustache.com.co\/clientes\/caliercolombia\/wp-json\/wp\/v2\/pages\/9538","targetHints":{"allow":["GET"]}}],"collection":[{"href":"https:\/\/moustache.com.co\/clientes\/caliercolombia\/wp-json\/wp\/v2\/pages"}],"about":[{"href":"https:\/\/moustache.com.co\/clientes\/caliercolombia\/wp-json\/wp\/v2\/types\/page"}],"author":[{"embeddable":true,"href":"https:\/\/moustache.com.co\/clientes\/caliercolombia\/wp-json\/wp\/v2\/users\/1"}],"replies":[{"embeddable":true,"href":"https:\/\/moustache.com.co\/clientes\/caliercolombia\/wp-json\/wp\/v2\/comments?post=9538"}],"version-history":[{"count":8,"href":"https:\/\/moustache.com.co\/clientes\/caliercolombia\/wp-json\/wp\/v2\/pages\/9538\/revisions"}],"predecessor-version":[{"id":9616,"href":"https:\/\/moustache.com.co\/clientes\/caliercolombia\/wp-json\/wp\/v2\/pages\/9538\/revisions\/9616"}],"wp:attachment":[{"href":"https:\/\/moustache.com.co\/clientes\/caliercolombia\/wp-json\/wp\/v2\/media?parent=9538"}],"curies":[{"name":"wp","href":"https:\/\/api.w.org\/{rel}","templated":true}]}}