{"id":9419,"date":"2025-12-09T10:35:54","date_gmt":"2025-12-09T15:35:54","guid":{"rendered":"https:\/\/moustache.com.co\/clientes\/caliercolombia\/?page_id=9419"},"modified":"2026-01-22T18:23:48","modified_gmt":"2026-01-22T23:23:48","slug":"laboratorio-de-analisis-y-textura","status":"publish","type":"page","link":"https:\/\/moustache.com.co\/clientes\/caliercolombia\/laboratorio-de-analisis-y-textura\/","title":{"rendered":"Laboratorio de an\u00e1lisis y textura"},"content":{"rendered":"<section class=\"l-section wpb_row us_custom_cf7c9705 height_huge full_height valign_center\"><div class=\"l-section-h i-cf\"><div class=\"g-cols vc_row via_flex valign_middle type_default stacking_default\"><div class=\"vc_col-sm-12 wpb_column vc_column_container\"><div class=\"vc_column-inner\"><div class=\"wpb_wrapper\"><div class=\"g-cols wpb_row us_custom_e17357e7 via_flex valign_middle type_default stacking_default\"><div class=\"vc_col-sm-6 wpb_column vc_column_container\"><div class=\"vc_column-inner us_custom_821ea863\"><div class=\"wpb_wrapper\"><div class=\"w-separator size_small\"><\/div><h1 class=\"w-post-elm post_title us_custom_fc79f986 entry-title color_link_inherit\">Laboratorio de an\u00e1lisis y textura<\/h1><div class=\"wpb_text_column\"><div class=\"wpb_wrapper\"><p data-start=\"203\" data-end=\"444\">En Calier Internacional de Colombia contamos con un <strong data-start=\"255\" data-end=\"292\">Laboratorio de An\u00e1lisis y Textura<\/strong> dise\u00f1ado para respaldar el desarrollo y la mejora de productos en la industria alimentaria, brindando soporte t\u00e9cnico y cient\u00edfico a nuestros clientes.<\/p>\n<p data-start=\"446\" data-end=\"827\">Este espacio est\u00e1 equipado con <strong data-start=\"477\" data-end=\"505\">tecnolog\u00eda de vanguardia<\/strong> para la evaluaci\u00f3n f\u00edsico-qu\u00edmica, sensorial y reol\u00f3gica de alimentos, lo que nos permite <strong data-start=\"596\" data-end=\"633\">medir y optimizar atributos clave<\/strong> como textura, firmeza, elasticidad, cohesi\u00f3n, jugosidad, viscosidad, entre otros par\u00e1metros que impactan directamente en la experiencia del consumidor y en la eficiencia del proceso productivo.<\/p>\n<p data-start=\"829\" data-end=\"857\">Nuestros servicios incluyen:<\/p>\n<ul data-start=\"859\" data-end=\"1297\">\n<li data-start=\"859\" data-end=\"986\">\n<p data-start=\"861\" data-end=\"986\"><strong data-start=\"861\" data-end=\"897\">An\u00e1lisis de textura instrumental<\/strong> con equipos especializados como textur\u00f3metros y analizadores de perfil de textura (TPA).<\/p>\n<\/li>\n<li data-start=\"987\" data-end=\"1093\">\n<p data-start=\"989\" data-end=\"1093\"><strong data-start=\"989\" data-end=\"1033\">Estudios de estabilidad y comportamiento<\/strong> de ingredientes en diferentes condiciones de procesamiento.<\/p>\n<\/li>\n<li data-start=\"1094\" data-end=\"1192\">\n<p data-start=\"1096\" data-end=\"1192\"><strong data-start=\"1096\" data-end=\"1141\">Caracterizaci\u00f3n de productos alimenticios<\/strong>, tanto tradicionales como desarrollos funcionales.<\/p>\n<\/li>\n<\/ul>\n<\/div><\/div><div class=\"w-separator size_small\"><\/div><\/div><\/div><\/div><div class=\"vc_col-sm-6 wpb_column vc_column_container\"><div class=\"vc_column-inner us_custom_01f25529\"><div class=\"wpb_wrapper\"><div class=\"w-separator size_medium\"><\/div><div class=\"w-image align_none\"><div class=\"w-image-h\"><img decoding=\"async\" width=\"600\" height=\"485\" src=\"https:\/\/moustache.com.co\/clientes\/caliercolombia\/wp-content\/uploads\/2026\/01\/analisis-textura.webp\" class=\"attachment-large size-large\" alt=\"\" loading=\"lazy\" srcset=\"https:\/\/moustache.com.co\/clientes\/caliercolombia\/wp-content\/uploads\/2026\/01\/analisis-textura.webp 600w, https:\/\/moustache.com.co\/clientes\/caliercolombia\/wp-content\/uploads\/2026\/01\/analisis-textura-300x243.webp 300w, https:\/\/moustache.com.co\/clientes\/caliercolombia\/wp-content\/uploads\/2026\/01\/analisis-textura-400x323.webp 400w, https:\/\/moustache.com.co\/clientes\/caliercolombia\/wp-content\/uploads\/2026\/01\/analisis-textura-500x404.webp 500w\" sizes=\"auto, (max-width: 600px) 100vw, 600px\" \/><\/div><\/div><\/div><\/div><\/div><\/div><div class=\"w-separator size_large\"><\/div>\n\t\t\t<!-- START Centro de innovaci\u00f3n carrusel REVOLUTION SLIDER 6.7.40 --><p class=\"rs-p-wp-fix\"><\/p>\n\t\t\t<rs-module-wrap id=\"rev_slider_3_1_wrapper\" data-source=\"gallery\" style=\"visibility:hidden;background:transparent;padding:0;margin:0px auto;margin-top:0;margin-bottom:0;\">\n\t\t\t\t<rs-module id=\"rev_slider_3_1\" style=\"\" data-version=\"6.7.40\">\n\t\t\t\t\t<rs-slides style=\"overflow: hidden; position: absolute;\">\n\t\t\t\t\t\t<rs-slide style=\"position: absolute;\" data-key=\"rs-7\" data-title=\"Slide\" data-seoz=\"front\" data-in=\"o:0;\" data-out=\"a:false;\">\n\t\t\t\t\t\t\t<img decoding=\"async\" src=\"\/\/moustache.com.co\/clientes\/caliercolombia\/wp-content\/plugins\/revslider\/sr6\/assets\/assets\/dummy.png\" alt=\"Slide\" title=\"Laboratorio de an\u00e1lisis y textura\" class=\"rev-slidebg tp-rs-img rs-lazyload\" data-lazyload=\"\/\/moustache.com.co\/clientes\/caliercolombia\/wp-content\/plugins\/revslider\/sr6\/assets\/assets\/transparent.png\" data-no-retina>\n<!--\n\t\t\t\t\t\t\t--><a\n\t\t\t\t\t\t\t\tid=\"slider-3-slide-7-layer-6\" \n\t\t\t\t\t\t\t\tclass=\"rs-layer\"\n\t\t\t\t\t\t\t\thref=\"https:\/\/moustache.com.co\/clientes\/caliercolombia\/planta-de-productos-carnicos-2\/\" target=\"_self\"\n\t\t\t\t\t\t\t\tdata-type=\"image\"\n\t\t\t\t\t\t\t\tdata-rsp_ch=\"on\"\n\t\t\t\t\t\t\t\tdata-xy=\"x:c;y:c;\"\n\t\t\t\t\t\t\t\tdata-text=\"w:normal;\"\n\t\t\t\t\t\t\t\tdata-dim=\"w:398px;h:400px;\"\n\t\t\t\t\t\t\t\tdata-frame_999=\"o:0;st:w;\"\n\t\t\t\t\t\t\t\tstyle=\"z-index:5;\"\n\t\t\t\t\t\t\t><img decoding=\"async\" src=\"\/\/moustache.com.co\/clientes\/caliercolombia\/wp-content\/plugins\/revslider\/sr6\/assets\/assets\/dummy.png\" alt=\"\" class=\"tp-rs-img rs-lazyload\" width=\"501\" height=\"504\" data-lazyload=\"\/\/moustache.com.co\/clientes\/caliercolombia\/wp-content\/uploads\/2024\/07\/planta-de-productos-carnicos.png\" data-no-retina> \n\t\t\t\t\t\t\t<\/a><!--\n-->\t\t\t\t\t<\/rs-slide>\n\t\t\t\t\t\t<rs-slide style=\"position: absolute;\" data-key=\"rs-6\" data-title=\"Slide\" data-seoz=\"front\" data-in=\"o:0;\" data-out=\"a:false;\">\n\t\t\t\t\t\t\t<img decoding=\"async\" src=\"\/\/moustache.com.co\/clientes\/caliercolombia\/wp-content\/plugins\/revslider\/sr6\/assets\/assets\/dummy.png\" alt=\"Slide\" title=\"Laboratorio de an\u00e1lisis y textura\" class=\"rev-slidebg tp-rs-img rs-lazyload\" data-lazyload=\"\/\/moustache.com.co\/clientes\/caliercolombia\/wp-content\/plugins\/revslider\/sr6\/assets\/assets\/transparent.png\" data-no-retina>\n<!--\n\t\t\t\t\t\t\t--><a\n\t\t\t\t\t\t\t\tid=\"slider-3-slide-6-layer-5\" \n\t\t\t\t\t\t\t\tclass=\"rs-layer\"\n\t\t\t\t\t\t\t\thref=\"https:\/\/moustache.com.co\/clientes\/caliercolombia\/bakery-y-panificacion-3\/\" target=\"_self\"\n\t\t\t\t\t\t\t\tdata-type=\"image\"\n\t\t\t\t\t\t\t\tdata-rsp_ch=\"on\"\n\t\t\t\t\t\t\t\tdata-xy=\"x:c;y:c;\"\n\t\t\t\t\t\t\t\tdata-text=\"w:normal;\"\n\t\t\t\t\t\t\t\tdata-dim=\"w:398px;h:400px;\"\n\t\t\t\t\t\t\t\tdata-frame_999=\"o:0;st:w;\"\n\t\t\t\t\t\t\t\tstyle=\"z-index:5;\"\n\t\t\t\t\t\t\t><img decoding=\"async\" src=\"\/\/moustache.com.co\/clientes\/caliercolombia\/wp-content\/plugins\/revslider\/sr6\/assets\/assets\/dummy.png\" alt=\"\" class=\"tp-rs-img rs-lazyload\" width=\"501\" height=\"504\" data-lazyload=\"\/\/moustache.com.co\/clientes\/caliercolombia\/wp-content\/uploads\/2026\/01\/panificacion-1.webp\" data-no-retina> \n\t\t\t\t\t\t\t<\/a><!--\n-->\t\t\t\t\t<\/rs-slide>\n\t\t\t\t\t\t<rs-slide style=\"position: absolute;\" data-key=\"rs-9\" data-title=\"Slide\" data-seoz=\"front\" data-in=\"o:0;\" data-out=\"a:false;\">\n\t\t\t\t\t\t\t<img decoding=\"async\" src=\"\/\/moustache.com.co\/clientes\/caliercolombia\/wp-content\/plugins\/revslider\/sr6\/assets\/assets\/dummy.png\" alt=\"Slide\" title=\"Laboratorio de an\u00e1lisis y textura\" class=\"rev-slidebg tp-rs-img rs-lazyload\" data-lazyload=\"\/\/moustache.com.co\/clientes\/caliercolombia\/wp-content\/plugins\/revslider\/sr6\/assets\/assets\/transparent.png\" data-no-retina>\n<!--\n\t\t\t\t\t\t\t--><a\n\t\t\t\t\t\t\t\tid=\"slider-3-slide-9-layer-8\" \n\t\t\t\t\t\t\t\tclass=\"rs-layer\"\n\t\t\t\t\t\t\t\thref=\"https:\/\/moustache.com.co\/clientes\/caliercolombia\/planta-piloto-de-productos-lacteos\/\" target=\"_self\"\n\t\t\t\t\t\t\t\tdata-type=\"image\"\n\t\t\t\t\t\t\t\tdata-rsp_ch=\"on\"\n\t\t\t\t\t\t\t\tdata-xy=\"x:c;y:c;\"\n\t\t\t\t\t\t\t\tdata-text=\"w:normal;\"\n\t\t\t\t\t\t\t\tdata-dim=\"w:398px;h:400px;\"\n\t\t\t\t\t\t\t\tdata-frame_999=\"o:0;st:w;\"\n\t\t\t\t\t\t\t\tstyle=\"z-index:5;\"\n\t\t\t\t\t\t\t><img decoding=\"async\" src=\"\/\/moustache.com.co\/clientes\/caliercolombia\/wp-content\/plugins\/revslider\/sr6\/assets\/assets\/dummy.png\" alt=\"\" class=\"tp-rs-img rs-lazyload\" width=\"501\" height=\"504\" data-lazyload=\"\/\/moustache.com.co\/clientes\/caliercolombia\/wp-content\/uploads\/2025\/06\/planta-productos-lacteos.png\" data-no-retina> \n\t\t\t\t\t\t\t<\/a><!--\n-->\t\t\t\t\t<\/rs-slide>\n\t\t\t\t\t\t<rs-slide style=\"position: absolute;\" data-key=\"rs-8\" data-title=\"Slide\" data-seoz=\"front\" data-in=\"o:0;\" data-out=\"a:false;\">\n\t\t\t\t\t\t\t<img decoding=\"async\" src=\"\/\/moustache.com.co\/clientes\/caliercolombia\/wp-content\/plugins\/revslider\/sr6\/assets\/assets\/dummy.png\" alt=\"Slide\" title=\"Laboratorio de an\u00e1lisis y textura\" class=\"rev-slidebg tp-rs-img rs-lazyload\" data-lazyload=\"\/\/moustache.com.co\/clientes\/caliercolombia\/wp-content\/plugins\/revslider\/sr6\/assets\/assets\/transparent.png\" data-no-retina>\n<!--\n\t\t\t\t\t\t\t--><a\n\t\t\t\t\t\t\t\tid=\"slider-3-slide-8-layer-9\" \n\t\t\t\t\t\t\t\tclass=\"rs-layer\"\n\t\t\t\t\t\t\t\thref=\"https:\/\/moustache.com.co\/clientes\/caliercolombia\/area-de-investigacion-y-desarrollo-2\/\" target=\"_self\"\n\t\t\t\t\t\t\t\tdata-type=\"image\"\n\t\t\t\t\t\t\t\tdata-rsp_ch=\"on\"\n\t\t\t\t\t\t\t\tdata-xy=\"x:c;y:c;\"\n\t\t\t\t\t\t\t\tdata-text=\"w:normal;\"\n\t\t\t\t\t\t\t\tdata-dim=\"w:398px;h:400px;\"\n\t\t\t\t\t\t\t\tdata-frame_999=\"o:0;st:w;\"\n\t\t\t\t\t\t\t\tstyle=\"z-index:5;\"\n\t\t\t\t\t\t\t><img decoding=\"async\" src=\"\/\/moustache.com.co\/clientes\/caliercolombia\/wp-content\/plugins\/revslider\/sr6\/assets\/assets\/dummy.png\" alt=\"\" class=\"tp-rs-img rs-lazyload\" width=\"501\" height=\"504\" data-lazyload=\"\/\/moustache.com.co\/clientes\/caliercolombia\/wp-content\/uploads\/2025\/06\/area-de-investigacion-y-desarrollo-1.png\" data-no-retina> \n\t\t\t\t\t\t\t<\/a><!--\n-->\t\t\t\t\t<\/rs-slide>\n\t\t\t\t\t\t<rs-slide style=\"position: absolute;\" data-key=\"rs-5\" data-title=\"Slide\" data-seoz=\"front\" data-in=\"o:0;\" data-out=\"a:false;\">\n\t\t\t\t\t\t\t<img decoding=\"async\" src=\"\/\/moustache.com.co\/clientes\/caliercolombia\/wp-content\/plugins\/revslider\/sr6\/assets\/assets\/dummy.png\" alt=\"Slide\" title=\"Laboratorio de an\u00e1lisis y textura\" class=\"rev-slidebg tp-rs-img rs-lazyload\" data-lazyload=\"\/\/moustache.com.co\/clientes\/caliercolombia\/wp-content\/plugins\/revslider\/sr6\/assets\/assets\/transparent.png\" data-no-retina>\n<!--\n\t\t\t\t\t\t\t--><a\n\t\t\t\t\t\t\t\tid=\"slider-3-slide-5-layer-4\" \n\t\t\t\t\t\t\t\tclass=\"rs-layer\"\n\t\t\t\t\t\t\t\thref=\"https:\/\/moustache.com.co\/clientes\/caliercolombia\/cocina-experimental-2\/\" target=\"_self\"\n\t\t\t\t\t\t\t\tdata-type=\"image\"\n\t\t\t\t\t\t\t\tdata-rsp_ch=\"on\"\n\t\t\t\t\t\t\t\tdata-xy=\"x:c;y:c;\"\n\t\t\t\t\t\t\t\tdata-text=\"w:normal;\"\n\t\t\t\t\t\t\t\tdata-dim=\"w:398px;h:400px;\"\n\t\t\t\t\t\t\t\tdata-frame_999=\"o:0;st:w;\"\n\t\t\t\t\t\t\t\tstyle=\"z-index:5;\"\n\t\t\t\t\t\t\t><img decoding=\"async\" src=\"\/\/moustache.com.co\/clientes\/caliercolombia\/wp-content\/plugins\/revslider\/sr6\/assets\/assets\/dummy.png\" alt=\"\" class=\"tp-rs-img rs-lazyload\" width=\"501\" height=\"504\" data-lazyload=\"\/\/moustache.com.co\/clientes\/caliercolombia\/wp-content\/uploads\/2025\/06\/cocina-experimental1.png\" data-no-retina> \n\t\t\t\t\t\t\t<\/a><!--\n-->\t\t\t\t\t<\/rs-slide>\n\t\t\t\t\t\t<rs-slide style=\"position: absolute;\" data-key=\"rs-24\" data-title=\"Slide\" data-seoz=\"front\" data-in=\"o:0;\" data-out=\"a:false;\">\n\t\t\t\t\t\t\t<img decoding=\"async\" src=\"\/\/moustache.com.co\/clientes\/caliercolombia\/wp-content\/plugins\/revslider\/sr6\/assets\/assets\/dummy.png\" alt=\"Slide\" title=\"Laboratorio de an\u00e1lisis y textura\" class=\"rev-slidebg tp-rs-img rs-lazyload\" data-lazyload=\"\/\/moustache.com.co\/clientes\/caliercolombia\/wp-content\/plugins\/revslider\/sr6\/assets\/assets\/transparent.png\" data-no-retina>\n<!--\n\t\t\t\t\t\t\t--><a\n\t\t\t\t\t\t\t\tid=\"slider-3-slide-24-layer-4\" \n\t\t\t\t\t\t\t\tclass=\"rs-layer\"\n\t\t\t\t\t\t\t\thref=\"https:\/\/moustache.com.co\/clientes\/caliercolombia\/laboratorio-de-analisis-y-textura\/\" target=\"_self\"\n\t\t\t\t\t\t\t\tdata-type=\"image\"\n\t\t\t\t\t\t\t\tdata-rsp_ch=\"on\"\n\t\t\t\t\t\t\t\tdata-xy=\"x:c;y:c;\"\n\t\t\t\t\t\t\t\tdata-text=\"w:normal;\"\n\t\t\t\t\t\t\t\tdata-dim=\"w:398px;h:400px;\"\n\t\t\t\t\t\t\t\tdata-frame_999=\"o:0;st:w;\"\n\t\t\t\t\t\t\t\tstyle=\"z-index:5;\"\n\t\t\t\t\t\t\t><img decoding=\"async\" src=\"\/\/moustache.com.co\/clientes\/caliercolombia\/wp-content\/plugins\/revslider\/sr6\/assets\/assets\/dummy.png\" alt=\"\" class=\"tp-rs-img rs-lazyload\" width=\"700\" height=\"704\" data-lazyload=\"\/\/moustache.com.co\/clientes\/caliercolombia\/wp-content\/uploads\/2025\/12\/LABORATORIOANALISIS.png\" data-no-retina> \n\t\t\t\t\t\t\t<\/a><!--\n-->\t\t\t\t\t<\/rs-slide>\n\t\t\t\t\t<\/rs-slides>\n\t\t\t\t\t<rs-static-layers><!--\n\t\t\t\t\t--><\/rs-static-layers>\n\t\t\t\t<\/rs-module>\n\t\t\t\t<script>\n\t\t\t\t\tsetREVStartSize({c: 'rev_slider_3_1',rl:[1240,1024,778,480],el:[450],gw:[400],gh:[450],type:'carousel',justify:'',layout:'fullwidth',mh:\"0\"});if (window.RS_MODULES!==undefined && window.RS_MODULES.modules!==undefined && window.RS_MODULES.modules[\"revslider31\"]!==undefined) {window.RS_MODULES.modules[\"revslider31\"].once = false;window.revapi3 = undefined;if (window.RS_MODULES.checkMinimal!==undefined) window.RS_MODULES.checkMinimal()}\n\t\t\t\t<\/script>\n\t\t\t<\/rs-module-wrap>\n\t\t\t<!-- END REVOLUTION SLIDER -->\n<\/div><\/div><\/div><\/div><\/div><\/section>\n","protected":false},"excerpt":{"rendered":"Laboratorio de an\u00e1lisis y textura En Calier Internacional de Colombia contamos con un Laboratorio de An\u00e1lisis y Textura dise\u00f1ado para respaldar el desarrollo y la mejora de productos en la industria alimentaria, brindando soporte t\u00e9cnico y cient\u00edfico a nuestros clientes. Este espacio est\u00e1 equipado con tecnolog\u00eda de vanguardia para la evaluaci\u00f3n f\u00edsico-qu\u00edmica, sensorial y reol\u00f3gica...","protected":false},"author":1,"featured_media":0,"parent":0,"menu_order":0,"comment_status":"closed","ping_status":"closed","template":"","meta":{"_acf_changed":false,"footnotes":""},"class_list":["post-9419","page","type-page","status-publish","hentry"],"acf":[],"_links":{"self":[{"href":"https:\/\/moustache.com.co\/clientes\/caliercolombia\/wp-json\/wp\/v2\/pages\/9419","targetHints":{"allow":["GET"]}}],"collection":[{"href":"https:\/\/moustache.com.co\/clientes\/caliercolombia\/wp-json\/wp\/v2\/pages"}],"about":[{"href":"https:\/\/moustache.com.co\/clientes\/caliercolombia\/wp-json\/wp\/v2\/types\/page"}],"author":[{"embeddable":true,"href":"https:\/\/moustache.com.co\/clientes\/caliercolombia\/wp-json\/wp\/v2\/users\/1"}],"replies":[{"embeddable":true,"href":"https:\/\/moustache.com.co\/clientes\/caliercolombia\/wp-json\/wp\/v2\/comments?post=9419"}],"version-history":[{"count":7,"href":"https:\/\/moustache.com.co\/clientes\/caliercolombia\/wp-json\/wp\/v2\/pages\/9419\/revisions"}],"predecessor-version":[{"id":9567,"href":"https:\/\/moustache.com.co\/clientes\/caliercolombia\/wp-json\/wp\/v2\/pages\/9419\/revisions\/9567"}],"wp:attachment":[{"href":"https:\/\/moustache.com.co\/clientes\/caliercolombia\/wp-json\/wp\/v2\/media?parent=9419"}],"curies":[{"name":"wp","href":"https:\/\/api.w.org\/{rel}","templated":true}]}}