{"id":8809,"date":"2024-07-12T10:40:20","date_gmt":"2024-07-12T15:40:20","guid":{"rendered":"https:\/\/moustache.com.co\/clientes\/caliercolombia\/?page_id=8809"},"modified":"2024-07-12T11:31:38","modified_gmt":"2024-07-12T16:31:38","slug":"centro-de-innovacion-2","status":"publish","type":"page","link":"https:\/\/moustache.com.co\/clientes\/caliercolombia\/centro-de-innovacion-2\/","title":{"rendered":"Centro de Innovaci\u00f3n"},"content":{"rendered":"<section class=\"l-section wpb_row us_custom_bde5c385 height_medium\"><div class=\"l-section-h i-cf\"><div class=\"g-cols vc_row via_flex valign_middle type_default stacking_default\"><div class=\"vc_col-sm-12 wpb_column vc_column_container\"><div class=\"vc_column-inner\"><div class=\"wpb_wrapper\"><h2 class=\"w-post-elm post_title us_custom_fc79f986 entry-title color_link_inherit\">Centro de Innovaci\u00f3n<\/h2><div class=\"w-separator size_small\"><\/div><div class=\"g-cols wpb_row us_custom_e17357e7 via_flex valign_top type_default stacking_default\"><div class=\"vc_col-sm-6 wpb_column vc_column_container\"><div class=\"vc_column-inner us_custom_821ea863\"><div class=\"wpb_wrapper\"><div class=\"wpb_text_column\"><div class=\"wpb_wrapper\"><p>Nuestro Centro de Investigaci\u00f3n e Innovaci\u00f3n, ocupa un \u00e1rea de 300 m2, tiene el objetivo de ayudar a cumplir la misi\u00f3n de Calier Internacional de Colombia, la cual es <strong>AGREGAR VALOR<\/strong> al mercado ayudando a alcanzar los tres objetivos de su misi\u00f3n.<\/p>\n<\/div><\/div><\/div><\/div><\/div><div class=\"vc_col-sm-6 wpb_column vc_column_container\"><div class=\"vc_column-inner us_custom_01f25529\"><div class=\"wpb_wrapper\"><div class=\"wpb_text_column\"><div class=\"wpb_wrapper\"><h3><strong>UN LUGAR CREADO<\/strong><\/h3>\n<\/div><\/div><div class=\"wpb_text_column us_custom_6745946f has_text_color\"><div class=\"wpb_wrapper\"><h3><strong>PARA INNOVAR<\/strong><\/h3>\n<\/div><\/div><\/div><\/div><\/div><\/div><div class=\"w-separator size_small\"><\/div>\n\t\t\t<!-- START Centro de innovaci\u00f3n carrusel REVOLUTION SLIDER 6.7.40 --><p class=\"rs-p-wp-fix\"><\/p>\n\t\t\t<rs-module-wrap id=\"rev_slider_3_1_wrapper\" data-source=\"gallery\" style=\"visibility:hidden;background:transparent;padding:0;margin:0px auto;margin-top:0;margin-bottom:0;\">\n\t\t\t\t<rs-module id=\"rev_slider_3_1\" style=\"\" data-version=\"6.7.40\">\n\t\t\t\t\t<rs-slides style=\"overflow: hidden; position: absolute;\">\n\t\t\t\t\t\t<rs-slide style=\"position: absolute;\" data-key=\"rs-7\" data-title=\"Slide\" data-seoz=\"front\" data-in=\"o:0;\" data-out=\"a:false;\">\n\t\t\t\t\t\t\t<img decoding=\"async\" src=\"\/\/moustache.com.co\/clientes\/caliercolombia\/wp-content\/plugins\/revslider\/sr6\/assets\/assets\/dummy.png\" alt=\"Slide\" title=\"Centro de Innovaci\u00f3n\" class=\"rev-slidebg tp-rs-img rs-lazyload\" data-lazyload=\"\/\/moustache.com.co\/clientes\/caliercolombia\/wp-content\/plugins\/revslider\/sr6\/assets\/assets\/transparent.png\" data-no-retina>\n<!--\n\t\t\t\t\t\t\t--><a\n\t\t\t\t\t\t\t\tid=\"slider-3-slide-7-layer-6\" \n\t\t\t\t\t\t\t\tclass=\"rs-layer\"\n\t\t\t\t\t\t\t\thref=\"https:\/\/moustache.com.co\/clientes\/caliercolombia\/planta-de-productos-carnicos-2\/\" target=\"_self\"\n\t\t\t\t\t\t\t\tdata-type=\"image\"\n\t\t\t\t\t\t\t\tdata-rsp_ch=\"on\"\n\t\t\t\t\t\t\t\tdata-xy=\"x:c;y:c;\"\n\t\t\t\t\t\t\t\tdata-text=\"w:normal;\"\n\t\t\t\t\t\t\t\tdata-dim=\"w:398px;h:400px;\"\n\t\t\t\t\t\t\t\tdata-frame_999=\"o:0;st:w;\"\n\t\t\t\t\t\t\t\tstyle=\"z-index:5;\"\n\t\t\t\t\t\t\t><img decoding=\"async\" src=\"\/\/moustache.com.co\/clientes\/caliercolombia\/wp-content\/plugins\/revslider\/sr6\/assets\/assets\/dummy.png\" alt=\"\" class=\"tp-rs-img rs-lazyload\" width=\"501\" height=\"504\" data-lazyload=\"\/\/moustache.com.co\/clientes\/caliercolombia\/wp-content\/uploads\/2024\/07\/planta-de-productos-carnicos.png\" data-no-retina> \n\t\t\t\t\t\t\t<\/a><!--\n-->\t\t\t\t\t<\/rs-slide>\n\t\t\t\t\t\t<rs-slide style=\"position: absolute;\" data-key=\"rs-6\" data-title=\"Slide\" data-seoz=\"front\" data-in=\"o:0;\" data-out=\"a:false;\">\n\t\t\t\t\t\t\t<img decoding=\"async\" src=\"\/\/moustache.com.co\/clientes\/caliercolombia\/wp-content\/plugins\/revslider\/sr6\/assets\/assets\/dummy.png\" alt=\"Slide\" title=\"Centro de Innovaci\u00f3n\" class=\"rev-slidebg tp-rs-img rs-lazyload\" data-lazyload=\"\/\/moustache.com.co\/clientes\/caliercolombia\/wp-content\/plugins\/revslider\/sr6\/assets\/assets\/transparent.png\" data-no-retina>\n<!--\n\t\t\t\t\t\t\t--><a\n\t\t\t\t\t\t\t\tid=\"slider-3-slide-6-layer-5\" \n\t\t\t\t\t\t\t\tclass=\"rs-layer\"\n\t\t\t\t\t\t\t\thref=\"https:\/\/moustache.com.co\/clientes\/caliercolombia\/bakery-y-panificacion-3\/\" target=\"_self\"\n\t\t\t\t\t\t\t\tdata-type=\"image\"\n\t\t\t\t\t\t\t\tdata-rsp_ch=\"on\"\n\t\t\t\t\t\t\t\tdata-xy=\"x:c;y:c;\"\n\t\t\t\t\t\t\t\tdata-text=\"w:normal;\"\n\t\t\t\t\t\t\t\tdata-dim=\"w:398px;h:400px;\"\n\t\t\t\t\t\t\t\tdata-frame_999=\"o:0;st:w;\"\n\t\t\t\t\t\t\t\tstyle=\"z-index:5;\"\n\t\t\t\t\t\t\t><img decoding=\"async\" src=\"\/\/moustache.com.co\/clientes\/caliercolombia\/wp-content\/plugins\/revslider\/sr6\/assets\/assets\/dummy.png\" alt=\"\" class=\"tp-rs-img rs-lazyload\" width=\"501\" height=\"504\" data-lazyload=\"\/\/moustache.com.co\/clientes\/caliercolombia\/wp-content\/uploads\/2026\/01\/panificacion-1.webp\" data-no-retina> \n\t\t\t\t\t\t\t<\/a><!--\n-->\t\t\t\t\t<\/rs-slide>\n\t\t\t\t\t\t<rs-slide style=\"position: absolute;\" data-key=\"rs-9\" data-title=\"Slide\" data-seoz=\"front\" data-in=\"o:0;\" data-out=\"a:false;\">\n\t\t\t\t\t\t\t<img decoding=\"async\" src=\"\/\/moustache.com.co\/clientes\/caliercolombia\/wp-content\/plugins\/revslider\/sr6\/assets\/assets\/dummy.png\" alt=\"Slide\" title=\"Centro de Innovaci\u00f3n\" class=\"rev-slidebg tp-rs-img rs-lazyload\" data-lazyload=\"\/\/moustache.com.co\/clientes\/caliercolombia\/wp-content\/plugins\/revslider\/sr6\/assets\/assets\/transparent.png\" data-no-retina>\n<!--\n\t\t\t\t\t\t\t--><a\n\t\t\t\t\t\t\t\tid=\"slider-3-slide-9-layer-8\" \n\t\t\t\t\t\t\t\tclass=\"rs-layer\"\n\t\t\t\t\t\t\t\thref=\"https:\/\/moustache.com.co\/clientes\/caliercolombia\/planta-piloto-de-productos-lacteos\/\" target=\"_self\"\n\t\t\t\t\t\t\t\tdata-type=\"image\"\n\t\t\t\t\t\t\t\tdata-rsp_ch=\"on\"\n\t\t\t\t\t\t\t\tdata-xy=\"x:c;y:c;\"\n\t\t\t\t\t\t\t\tdata-text=\"w:normal;\"\n\t\t\t\t\t\t\t\tdata-dim=\"w:398px;h:400px;\"\n\t\t\t\t\t\t\t\tdata-frame_999=\"o:0;st:w;\"\n\t\t\t\t\t\t\t\tstyle=\"z-index:5;\"\n\t\t\t\t\t\t\t><img decoding=\"async\" src=\"\/\/moustache.com.co\/clientes\/caliercolombia\/wp-content\/plugins\/revslider\/sr6\/assets\/assets\/dummy.png\" alt=\"\" class=\"tp-rs-img rs-lazyload\" width=\"501\" height=\"504\" data-lazyload=\"\/\/moustache.com.co\/clientes\/caliercolombia\/wp-content\/uploads\/2025\/06\/planta-productos-lacteos.png\" data-no-retina> \n\t\t\t\t\t\t\t<\/a><!--\n-->\t\t\t\t\t<\/rs-slide>\n\t\t\t\t\t\t<rs-slide style=\"position: absolute;\" data-key=\"rs-8\" data-title=\"Slide\" data-seoz=\"front\" data-in=\"o:0;\" data-out=\"a:false;\">\n\t\t\t\t\t\t\t<img decoding=\"async\" src=\"\/\/moustache.com.co\/clientes\/caliercolombia\/wp-content\/plugins\/revslider\/sr6\/assets\/assets\/dummy.png\" alt=\"Slide\" title=\"Centro de Innovaci\u00f3n\" class=\"rev-slidebg tp-rs-img rs-lazyload\" data-lazyload=\"\/\/moustache.com.co\/clientes\/caliercolombia\/wp-content\/plugins\/revslider\/sr6\/assets\/assets\/transparent.png\" data-no-retina>\n<!--\n\t\t\t\t\t\t\t--><a\n\t\t\t\t\t\t\t\tid=\"slider-3-slide-8-layer-9\" \n\t\t\t\t\t\t\t\tclass=\"rs-layer\"\n\t\t\t\t\t\t\t\thref=\"https:\/\/moustache.com.co\/clientes\/caliercolombia\/area-de-investigacion-y-desarrollo-2\/\" target=\"_self\"\n\t\t\t\t\t\t\t\tdata-type=\"image\"\n\t\t\t\t\t\t\t\tdata-rsp_ch=\"on\"\n\t\t\t\t\t\t\t\tdata-xy=\"x:c;y:c;\"\n\t\t\t\t\t\t\t\tdata-text=\"w:normal;\"\n\t\t\t\t\t\t\t\tdata-dim=\"w:398px;h:400px;\"\n\t\t\t\t\t\t\t\tdata-frame_999=\"o:0;st:w;\"\n\t\t\t\t\t\t\t\tstyle=\"z-index:5;\"\n\t\t\t\t\t\t\t><img decoding=\"async\" src=\"\/\/moustache.com.co\/clientes\/caliercolombia\/wp-content\/plugins\/revslider\/sr6\/assets\/assets\/dummy.png\" alt=\"\" class=\"tp-rs-img rs-lazyload\" width=\"501\" height=\"504\" data-lazyload=\"\/\/moustache.com.co\/clientes\/caliercolombia\/wp-content\/uploads\/2025\/06\/area-de-investigacion-y-desarrollo-1.png\" data-no-retina> \n\t\t\t\t\t\t\t<\/a><!--\n-->\t\t\t\t\t<\/rs-slide>\n\t\t\t\t\t\t<rs-slide style=\"position: absolute;\" data-key=\"rs-5\" data-title=\"Slide\" data-seoz=\"front\" data-in=\"o:0;\" data-out=\"a:false;\">\n\t\t\t\t\t\t\t<img decoding=\"async\" src=\"\/\/moustache.com.co\/clientes\/caliercolombia\/wp-content\/plugins\/revslider\/sr6\/assets\/assets\/dummy.png\" alt=\"Slide\" title=\"Centro de Innovaci\u00f3n\" class=\"rev-slidebg tp-rs-img rs-lazyload\" data-lazyload=\"\/\/moustache.com.co\/clientes\/caliercolombia\/wp-content\/plugins\/revslider\/sr6\/assets\/assets\/transparent.png\" data-no-retina>\n<!--\n\t\t\t\t\t\t\t--><a\n\t\t\t\t\t\t\t\tid=\"slider-3-slide-5-layer-4\" \n\t\t\t\t\t\t\t\tclass=\"rs-layer\"\n\t\t\t\t\t\t\t\thref=\"https:\/\/moustache.com.co\/clientes\/caliercolombia\/cocina-experimental-2\/\" target=\"_self\"\n\t\t\t\t\t\t\t\tdata-type=\"image\"\n\t\t\t\t\t\t\t\tdata-rsp_ch=\"on\"\n\t\t\t\t\t\t\t\tdata-xy=\"x:c;y:c;\"\n\t\t\t\t\t\t\t\tdata-text=\"w:normal;\"\n\t\t\t\t\t\t\t\tdata-dim=\"w:398px;h:400px;\"\n\t\t\t\t\t\t\t\tdata-frame_999=\"o:0;st:w;\"\n\t\t\t\t\t\t\t\tstyle=\"z-index:5;\"\n\t\t\t\t\t\t\t><img decoding=\"async\" src=\"\/\/moustache.com.co\/clientes\/caliercolombia\/wp-content\/plugins\/revslider\/sr6\/assets\/assets\/dummy.png\" alt=\"\" class=\"tp-rs-img rs-lazyload\" width=\"501\" height=\"504\" data-lazyload=\"\/\/moustache.com.co\/clientes\/caliercolombia\/wp-content\/uploads\/2025\/06\/cocina-experimental1.png\" data-no-retina> \n\t\t\t\t\t\t\t<\/a><!--\n-->\t\t\t\t\t<\/rs-slide>\n\t\t\t\t\t\t<rs-slide style=\"position: absolute;\" data-key=\"rs-24\" data-title=\"Slide\" data-seoz=\"front\" data-in=\"o:0;\" data-out=\"a:false;\">\n\t\t\t\t\t\t\t<img decoding=\"async\" src=\"\/\/moustache.com.co\/clientes\/caliercolombia\/wp-content\/plugins\/revslider\/sr6\/assets\/assets\/dummy.png\" alt=\"Slide\" title=\"Centro de Innovaci\u00f3n\" class=\"rev-slidebg tp-rs-img rs-lazyload\" data-lazyload=\"\/\/moustache.com.co\/clientes\/caliercolombia\/wp-content\/plugins\/revslider\/sr6\/assets\/assets\/transparent.png\" data-no-retina>\n<!--\n\t\t\t\t\t\t\t--><a\n\t\t\t\t\t\t\t\tid=\"slider-3-slide-24-layer-4\" \n\t\t\t\t\t\t\t\tclass=\"rs-layer\"\n\t\t\t\t\t\t\t\thref=\"https:\/\/moustache.com.co\/clientes\/caliercolombia\/laboratorio-de-analisis-y-textura\/\" target=\"_self\"\n\t\t\t\t\t\t\t\tdata-type=\"image\"\n\t\t\t\t\t\t\t\tdata-rsp_ch=\"on\"\n\t\t\t\t\t\t\t\tdata-xy=\"x:c;y:c;\"\n\t\t\t\t\t\t\t\tdata-text=\"w:normal;\"\n\t\t\t\t\t\t\t\tdata-dim=\"w:398px;h:400px;\"\n\t\t\t\t\t\t\t\tdata-frame_999=\"o:0;st:w;\"\n\t\t\t\t\t\t\t\tstyle=\"z-index:5;\"\n\t\t\t\t\t\t\t><img decoding=\"async\" src=\"\/\/moustache.com.co\/clientes\/caliercolombia\/wp-content\/plugins\/revslider\/sr6\/assets\/assets\/dummy.png\" alt=\"\" class=\"tp-rs-img rs-lazyload\" width=\"700\" height=\"704\" data-lazyload=\"\/\/moustache.com.co\/clientes\/caliercolombia\/wp-content\/uploads\/2025\/12\/LABORATORIOANALISIS.png\" data-no-retina> \n\t\t\t\t\t\t\t<\/a><!--\n-->\t\t\t\t\t<\/rs-slide>\n\t\t\t\t\t<\/rs-slides>\n\t\t\t\t\t<rs-static-layers><!--\n\t\t\t\t\t--><\/rs-static-layers>\n\t\t\t\t<\/rs-module>\n\t\t\t\t<script>\n\t\t\t\t\tsetREVStartSize({c: 'rev_slider_3_1',rl:[1240,1024,778,480],el:[450],gw:[400],gh:[450],type:'carousel',justify:'',layout:'fullwidth',mh:\"0\"});if (window.RS_MODULES!==undefined && window.RS_MODULES.modules!==undefined && window.RS_MODULES.modules[\"revslider31\"]!==undefined) {window.RS_MODULES.modules[\"revslider31\"].once = false;window.revapi3 = undefined;if (window.RS_MODULES.checkMinimal!==undefined) window.RS_MODULES.checkMinimal()}\n\t\t\t\t<\/script>\n\t\t\t<\/rs-module-wrap>\n\t\t\t<!-- END REVOLUTION SLIDER -->\n<div class=\"w-separator size_medium\"><\/div><div class=\"g-cols wpb_row via_flex valign_top type_default stacking_default\"><div class=\"vc_col-sm-6 wpb_column vc_column_container\"><div class=\"vc_column-inner\"><div class=\"wpb_wrapper\"><div class=\"w-iconbox iconpos_left style_default color_primary align_left no_title\"><div class=\"w-iconbox-icon\" style=\"font-size:2rem;\"><i class=\"fas fa-star\"><\/i><\/div><div class=\"w-iconbox-meta\"><div class=\"w-iconbox-text\"><p>Innovamos y comprobamos la funcionalidad y creamos mezclas con las materias primas que comercializamos.<\/p>\n<\/div><\/div><\/div><\/div><\/div><\/div><div class=\"vc_col-sm-6 wpb_column vc_column_container\"><div class=\"vc_column-inner\"><div class=\"wpb_wrapper\"><div class=\"w-iconbox iconpos_left style_default color_primary align_left no_title\"><div class=\"w-iconbox-icon\" style=\"font-size:2rem;\"><i class=\"fas fa-star\"><\/i><\/div><div class=\"w-iconbox-meta\"><div class=\"w-iconbox-text\"><p>Desarrollamos en conjunto con nuestros clientes soluciones pr\u00e1cticas para la industria de alimentos.<\/p>\n<\/div><\/div><\/div><\/div><\/div><\/div><\/div><div class=\"w-separator size_small\"><\/div><div class=\"g-cols wpb_row via_flex valign_top type_default stacking_default\"><div class=\"vc_col-sm-6 wpb_column vc_column_container\"><div class=\"vc_column-inner\"><div class=\"wpb_wrapper\"><div class=\"w-iconbox iconpos_left style_default color_primary align_left no_title\"><div class=\"w-iconbox-icon\" style=\"font-size:2rem;\"><i class=\"fas fa-star\"><\/i><\/div><div class=\"w-iconbox-meta\"><div class=\"w-iconbox-text\"><p>Producimos prototipos en nuestras plantas piloto, seg\u00fan las necesidades y deseos de nuestros clientes.<\/p>\n<\/div><\/div><\/div><\/div><\/div><\/div><div class=\"vc_col-sm-6 wpb_column vc_column_container\"><div class=\"vc_column-inner\"><div class=\"wpb_wrapper\"><div class=\"w-iconbox iconpos_left style_default color_primary align_left no_title\"><div class=\"w-iconbox-icon\" style=\"font-size:2rem;\"><i class=\"fas fa-star\"><\/i><\/div><div class=\"w-iconbox-meta\"><div class=\"w-iconbox-text\"><p>Aplicamos nuestros desarrollos en la cocina experimental, con el fin de acercarnos a las pr\u00e1cticas convencionales que el consumidor final necesita.<\/p>\n<\/div><\/div><\/div><\/div><\/div><\/div><\/div><\/div><\/div><\/div><\/div><\/div><\/section>\n","protected":false},"excerpt":{"rendered":"Centro de Innovaci\u00f3nNuestro Centro de Investigaci\u00f3n e Innovaci\u00f3n, ocupa un \u00e1rea de 300 m2, tiene el objetivo de ayudar a cumplir la misi\u00f3n de Calier Internacional de Colombia, la cual es AGREGAR VALOR al mercado ayudando a alcanzar los tres objetivos de su misi\u00f3n. UN LUGAR CREADO PARA INNOVAR Innovamos y comprobamos la funcionalidad y...","protected":false},"author":1,"featured_media":0,"parent":0,"menu_order":0,"comment_status":"closed","ping_status":"closed","template":"","meta":{"_acf_changed":false,"footnotes":""},"class_list":["post-8809","page","type-page","status-publish","hentry"],"acf":[],"_links":{"self":[{"href":"https:\/\/moustache.com.co\/clientes\/caliercolombia\/wp-json\/wp\/v2\/pages\/8809","targetHints":{"allow":["GET"]}}],"collection":[{"href":"https:\/\/moustache.com.co\/clientes\/caliercolombia\/wp-json\/wp\/v2\/pages"}],"about":[{"href":"https:\/\/moustache.com.co\/clientes\/caliercolombia\/wp-json\/wp\/v2\/types\/page"}],"author":[{"embeddable":true,"href":"https:\/\/moustache.com.co\/clientes\/caliercolombia\/wp-json\/wp\/v2\/users\/1"}],"replies":[{"embeddable":true,"href":"https:\/\/moustache.com.co\/clientes\/caliercolombia\/wp-json\/wp\/v2\/comments?post=8809"}],"version-history":[{"count":18,"href":"https:\/\/moustache.com.co\/clientes\/caliercolombia\/wp-json\/wp\/v2\/pages\/8809\/revisions"}],"predecessor-version":[{"id":8842,"href":"https:\/\/moustache.com.co\/clientes\/caliercolombia\/wp-json\/wp\/v2\/pages\/8809\/revisions\/8842"}],"wp:attachment":[{"href":"https:\/\/moustache.com.co\/clientes\/caliercolombia\/wp-json\/wp\/v2\/media?parent=8809"}],"curies":[{"name":"wp","href":"https:\/\/api.w.org\/{rel}","templated":true}]}}