{"id":8568,"date":"2024-04-02T19:29:57","date_gmt":"2024-04-03T00:29:57","guid":{"rendered":"https:\/\/moustache.com.co\/clientes\/caliercolombia\/?page_id=8568"},"modified":"2026-01-12T16:25:34","modified_gmt":"2026-01-12T21:25:34","slug":"quienes-somos","status":"publish","type":"page","link":"https:\/\/moustache.com.co\/clientes\/caliercolombia\/quienes-somos\/","title":{"rendered":"Quienes Somos"},"content":{"rendered":"<section class=\"l-section wpb_row us_custom_bde5c385 height_medium\"><div class=\"l-section-h i-cf\"><div class=\"g-cols vc_row via_flex valign_middle type_default stacking_default\"><div class=\"vc_col-sm-6 wpb_column vc_column_container\"><div class=\"vc_column-inner\"><div class=\"wpb_wrapper\"><div class=\"wpb_text_column\"><div class=\"wpb_wrapper\"><h2>QUIENES SOMOS<\/h2>\n<\/div><\/div><div class=\"w-separator size_medium\"><\/div><div class=\"w-image align_none\"><div class=\"w-image-h\"><img decoding=\"async\" width=\"431\" height=\"473\" src=\"https:\/\/moustache.com.co\/clientes\/caliercolombia\/wp-content\/uploads\/2024\/04\/quienes-somos-calier.png\" class=\"attachment-large size-large\" alt=\"\" loading=\"lazy\" srcset=\"https:\/\/moustache.com.co\/clientes\/caliercolombia\/wp-content\/uploads\/2024\/04\/quienes-somos-calier.png 431w, https:\/\/moustache.com.co\/clientes\/caliercolombia\/wp-content\/uploads\/2024\/04\/quienes-somos-calier-273x300.png 273w, https:\/\/moustache.com.co\/clientes\/caliercolombia\/wp-content\/uploads\/2024\/04\/quienes-somos-calier-15x15.png 15w\" sizes=\"auto, (max-width: 431px) 100vw, 431px\" \/><\/div><\/div><\/div><\/div><\/div><div class=\"vc_col-sm-6 wpb_column vc_column_container\"><div class=\"vc_column-inner\"><div class=\"wpb_wrapper\"><div class=\"wpb_text_column\"><div class=\"wpb_wrapper\"><h3><strong>Somos una compa\u00f1\u00eda Colombiana de inversi\u00f3n extranjera fundada en el a\u00f1o 2009.<\/strong><\/h3>\n<ul>\n<li>Dedicada a comercializar y distribuir ingredientes para la industria de alimentos, espec\u00edficamente en los sectores de derivados c\u00e1rnicos, derivados l\u00e1cteos, panificaci\u00f3n, confiter\u00eda y suplementos dietarios.<\/li>\n<li>Ofreciendo a nuestros clientes soluciones a trav\u00e9s del servicio t\u00e9cnico y materias primas que les permitan reducir los costos de producci\u00f3n, mejorar la calidad y optimizar los procesos.<\/li>\n<\/ul>\n<\/div><\/div><\/div><\/div><\/div><\/div><\/div><\/section><section class=\"l-section wpb_row height_medium color_alternate\"><div class=\"l-section-h i-cf\"><div class=\"g-cols vc_row via_flex valign_middle type_default stacking_default\"><div class=\"vc_col-sm-6 wpb_column vc_column_container\"><div class=\"vc_column-inner\"><div class=\"wpb_wrapper\"><div class=\"wpb_text_column\"><div class=\"wpb_wrapper\"><h2>Misi\u00f3n<\/h2>\n<\/div><\/div><div class=\"w-separator size_small\"><\/div><div class=\"wpb_text_column\"><div class=\"wpb_wrapper\"><p>Somos una compa\u00f1ia colombiana de inversion extranjera con fines de lucro, fundada en el a\u00f1o 2009 que se dedica a : Comprar, Vender y Distribuir<br \/>\nIngredientes Alimenticios con tecnolog\u00eda que agregan valor a la industria de Alimentos en Colombia, especificamente en los sectores de Derivados Carnicos, Derivados L\u00e1cteos , Panificacion, Confiteria y Suplementos Dietarios Ofreciendo a nuestros clientes soluciones a traves del servicio tecnico y un portafolio con altos niveles de calidad e inocuidad, e innovacion Tecnologica, que permitan: Reducir costos de produccion, mejorar la calidad y optimizar sus procesos <\/p>\n<\/div><\/div><\/div><\/div><\/div><div class=\"vc_col-sm-6 wpb_column vc_column_container\"><div class=\"vc_column-inner\"><div class=\"wpb_wrapper\"><div class=\"w-image align_center\"><div class=\"w-image-h\"><img decoding=\"async\" width=\"400\" height=\"387\" src=\"https:\/\/moustache.com.co\/clientes\/caliercolombia\/wp-content\/uploads\/2025\/12\/vision1.png\" class=\"attachment-us_400_400 size-us_400_400\" alt=\"\" loading=\"lazy\" srcset=\"https:\/\/moustache.com.co\/clientes\/caliercolombia\/wp-content\/uploads\/2025\/12\/vision1.png 650w, https:\/\/moustache.com.co\/clientes\/caliercolombia\/wp-content\/uploads\/2025\/12\/vision1-300x290.png 300w, https:\/\/moustache.com.co\/clientes\/caliercolombia\/wp-content\/uploads\/2025\/12\/vision1-15x15.png 15w\" sizes=\"auto, (max-width: 400px) 100vw, 400px\" \/><\/div><\/div><\/div><\/div><\/div><\/div><\/div><\/section><section class=\"l-section wpb_row us_custom_f73c6c6b height_medium color_alternate\"><div class=\"l-section-h i-cf\"><div class=\"g-cols vc_row via_flex valign_middle type_default stacking_default\"><div class=\"vc_col-sm-6 wpb_column vc_column_container\"><div class=\"vc_column-inner\"><div class=\"wpb_wrapper\"><div class=\"w-image align_center\"><div class=\"w-image-h\"><img decoding=\"async\" width=\"400\" height=\"369\" src=\"https:\/\/moustache.com.co\/clientes\/caliercolombia\/wp-content\/uploads\/2026\/01\/vision-400x369.webp\" class=\"attachment-us_400_400 size-us_400_400\" alt=\"\" loading=\"lazy\" srcset=\"https:\/\/moustache.com.co\/clientes\/caliercolombia\/wp-content\/uploads\/2026\/01\/vision-400x369.webp 400w, https:\/\/moustache.com.co\/clientes\/caliercolombia\/wp-content\/uploads\/2026\/01\/vision-300x276.webp 300w, https:\/\/moustache.com.co\/clientes\/caliercolombia\/wp-content\/uploads\/2026\/01\/vision-15x15.webp 15w, https:\/\/moustache.com.co\/clientes\/caliercolombia\/wp-content\/uploads\/2026\/01\/vision-500x461.webp 500w, https:\/\/moustache.com.co\/clientes\/caliercolombia\/wp-content\/uploads\/2026\/01\/vision.webp 727w\" sizes=\"auto, (max-width: 400px) 100vw, 400px\" \/><\/div><\/div><\/div><\/div><\/div><div class=\"vc_col-sm-6 wpb_column vc_column_container\"><div class=\"vc_column-inner\"><div class=\"wpb_wrapper\"><div class=\"wpb_text_column\"><div class=\"wpb_wrapper\"><h2>Visi\u00f3n<\/h2>\n<\/div><\/div><div class=\"w-separator size_small\"><\/div><div class=\"wpb_text_column\"><div class=\"wpb_wrapper\"><ul>\n<li>Ser un proveedor de Ingredientes alimenticios efectivo en t\u00e9rminos de:<br \/>\na) precios competitivos<br \/>\nb) servicio t\u00e9cnico y log\u00edstico<br \/>\nc) calidad e inocuidad&#8221;<\/li>\n<\/ul>\n<\/div><\/div><div class=\"wpb_text_column\"><div class=\"wpb_wrapper\"><ul>\n<li>Formar una red de socios ( representadas) exitosa y crear lealtad mutua<\/li>\n<li>Desarrollar un excelente lugar para trabajar, potenciando las habilidades de nuestros colaboradores, asi como tambien, ayudarlos a conectar con su maximo potencial de hacer que las cosas ocurran.<\/li>\n<\/ul>\n<\/div><\/div><div class=\"w-separator size_small\"><\/div><\/div><\/div><\/div><\/div><\/div><\/section><section class=\"l-section wpb_row height_medium\"><div class=\"l-section-h i-cf\"><div class=\"g-cols vc_row via_flex valign_top type_default stacking_default\"><div class=\"vc_col-sm-12 wpb_column vc_column_container\"><div class=\"vc_column-inner\"><div class=\"wpb_wrapper\"><div class=\"w-video align_none ratio_16x9 has_iframe\"><div class=\"w-video-h\"><iframe title=\"Youtube video player\" src=\"\/\/www.youtube.com\/embed\/EtO9glTo4a8?autoplay=1&controls=1&origin=https:\/\/moustache.com.co\/clientes\/caliercolombia&loop=0&mute=0\" allowfullscreen=\"1\" loading=\"lazy\"><\/iframe><\/div><\/div><\/div><\/div><\/div><\/div><\/div><\/section>\n","protected":false},"excerpt":{"rendered":"QUIENES SOMOS Somos una compa\u00f1\u00eda Colombiana de inversi\u00f3n extranjera fundada en el a\u00f1o 2009. Dedicada a comercializar y distribuir ingredientes para la industria de alimentos, espec\u00edficamente en los sectores de derivados c\u00e1rnicos, derivados l\u00e1cteos, panificaci\u00f3n, confiter\u00eda y suplementos dietarios. Ofreciendo a nuestros clientes soluciones a trav\u00e9s del servicio t\u00e9cnico y materias primas que les permitan...","protected":false},"author":1,"featured_media":0,"parent":0,"menu_order":0,"comment_status":"closed","ping_status":"closed","template":"","meta":{"_acf_changed":false,"footnotes":""},"class_list":["post-8568","page","type-page","status-publish","hentry"],"acf":[],"_links":{"self":[{"href":"https:\/\/moustache.com.co\/clientes\/caliercolombia\/wp-json\/wp\/v2\/pages\/8568","targetHints":{"allow":["GET"]}}],"collection":[{"href":"https:\/\/moustache.com.co\/clientes\/caliercolombia\/wp-json\/wp\/v2\/pages"}],"about":[{"href":"https:\/\/moustache.com.co\/clientes\/caliercolombia\/wp-json\/wp\/v2\/types\/page"}],"author":[{"embeddable":true,"href":"https:\/\/moustache.com.co\/clientes\/caliercolombia\/wp-json\/wp\/v2\/users\/1"}],"replies":[{"embeddable":true,"href":"https:\/\/moustache.com.co\/clientes\/caliercolombia\/wp-json\/wp\/v2\/comments?post=8568"}],"version-history":[{"count":54,"href":"https:\/\/moustache.com.co\/clientes\/caliercolombia\/wp-json\/wp\/v2\/pages\/8568\/revisions"}],"predecessor-version":[{"id":9536,"href":"https:\/\/moustache.com.co\/clientes\/caliercolombia\/wp-json\/wp\/v2\/pages\/8568\/revisions\/9536"}],"wp:attachment":[{"href":"https:\/\/moustache.com.co\/clientes\/caliercolombia\/wp-json\/wp\/v2\/media?parent=8568"}],"curies":[{"name":"wp","href":"https:\/\/api.w.org\/{rel}","templated":true}]}}