{"id":8448,"date":"2024-03-29T19:01:17","date_gmt":"2024-03-30T00:01:17","guid":{"rendered":"https:\/\/moustache.com.co\/clientes\/caliercolombia\/?page_id=8448"},"modified":"2026-02-03T23:24:21","modified_gmt":"2026-02-04T04:24:21","slug":"unidades-de-negocio","status":"publish","type":"page","link":"https:\/\/moustache.com.co\/clientes\/caliercolombia\/unidades-de-negocio\/","title":{"rendered":"Unidades de Negocio"},"content":{"rendered":"<section class=\"l-section wpb_row us_custom_e2a44aad height_medium\"><div class=\"l-section-h i-cf\"><div class=\"g-cols vc_row via_flex valign_middle type_default stacking_default\"><div class=\"vc_col-sm-6 wpb_column vc_column_container\"><div class=\"vc_column-inner\"><div class=\"wpb_wrapper\"><div class=\"wpb_text_column\"><div class=\"wpb_wrapper\"><h1>C\u00e1rnicos<\/h1>\n<\/div><\/div><div class=\"w-separator size_small\"><\/div><div class=\"wpb_text_column us_custom_858912e3\"><div class=\"wpb_wrapper\"><p>Ofrecemos soluciones innovadoras y de alta calidad para la industria c\u00e1rnica. Nuestros ingredientes est\u00e1n dise\u00f1ados para mejorar el sabor, la textura y el valor nutricional de tus productos, optimizando al mismo tiempo los costos de producci\u00f3n. Descubre c\u00f3mo podemos ayudarte a llevar tus productos c\u00e1rnicos al siguiente nivel.<\/p>\n<\/div><\/div><div class=\"w-separator size_small\"><\/div><div class=\"w-btn-wrapper align_none\"><a class=\"w-btn us-btn-style_3\" href=\"https:\/\/moustache.com.co\/clientes\/caliercolombia\/unidades-de-negocio-cat\/carnicos\/\"><span class=\"w-btn-label\">VER<\/span><\/a><\/div><\/div><\/div><\/div><div class=\"vc_col-sm-6 wpb_column vc_column_container\"><div class=\"vc_column-inner\"><div class=\"wpb_wrapper\"><div class=\"w-image align_center\"><div class=\"w-image-h\"><img decoding=\"async\" width=\"461\" height=\"500\" src=\"https:\/\/moustache.com.co\/clientes\/caliercolombia\/wp-content\/uploads\/2026\/01\/carnicos-calier-461x500.png\" class=\"attachment-us_500_500 size-us_500_500\" alt=\"\" loading=\"lazy\" srcset=\"https:\/\/moustache.com.co\/clientes\/caliercolombia\/wp-content\/uploads\/2026\/01\/carnicos-calier-461x500.png 461w, https:\/\/moustache.com.co\/clientes\/caliercolombia\/wp-content\/uploads\/2026\/01\/carnicos-calier-277x300.png 277w, https:\/\/moustache.com.co\/clientes\/caliercolombia\/wp-content\/uploads\/2026\/01\/carnicos-calier-15x15.png 15w, https:\/\/moustache.com.co\/clientes\/caliercolombia\/wp-content\/uploads\/2026\/01\/carnicos-calier-369x400.png 369w, https:\/\/moustache.com.co\/clientes\/caliercolombia\/wp-content\/uploads\/2026\/01\/carnicos-calier.png 723w\" sizes=\"auto, (max-width: 461px) 100vw, 461px\" \/><\/div><\/div><\/div><\/div><\/div><\/div><\/div><\/section><section class=\"l-section wpb_row height_medium\"><div class=\"l-section-h i-cf\"><div class=\"g-cols vc_row via_flex valign_middle type_default stacking_default\"><div class=\"vc_col-sm-6 wpb_column vc_column_container\"><div class=\"vc_column-inner\"><div class=\"wpb_wrapper\"><div class=\"w-image align_center\"><div class=\"w-image-h\"><img decoding=\"async\" width=\"429\" height=\"454\" src=\"https:\/\/moustache.com.co\/clientes\/caliercolombia\/wp-content\/uploads\/2026\/02\/food-circle-web.webp\" class=\"attachment-us_500_500 size-us_500_500\" alt=\"\" loading=\"lazy\" srcset=\"https:\/\/moustache.com.co\/clientes\/caliercolombia\/wp-content\/uploads\/2026\/02\/food-circle-web.webp 429w, https:\/\/moustache.com.co\/clientes\/caliercolombia\/wp-content\/uploads\/2026\/02\/food-circle-web-283x300.webp 283w, https:\/\/moustache.com.co\/clientes\/caliercolombia\/wp-content\/uploads\/2026\/02\/food-circle-web-15x15.webp 15w, https:\/\/moustache.com.co\/clientes\/caliercolombia\/wp-content\/uploads\/2026\/02\/food-circle-web-378x400.webp 378w\" sizes=\"auto, (max-width: 429px) 100vw, 429px\" \/><\/div><\/div><\/div><\/div><\/div><div class=\"vc_col-sm-6 wpb_column vc_column_container\"><div class=\"vc_column-inner\"><div class=\"wpb_wrapper\"><div class=\"wpb_text_column\"><div class=\"wpb_wrapper\"><h1>Food<\/h1>\n<\/div><\/div><div class=\"w-separator size_small\"><\/div><div class=\"wpb_text_column us_custom_858912e3\"><div class=\"wpb_wrapper\"><p>Ofrecemos soluciones innovadoras y de alta calidad para la industria de panificaci\u00f3n, l\u00e1cteos y reposter\u00eda. Nuestros ingredientes est\u00e1n dise\u00f1ados para mejorar el sabor, la textura y el valor nutricional de tus productos, optimizando al mismo tiempo los costos de producci\u00f3n. Descubre c\u00f3mo podemos ayudarte a llevar tus productos de panificaci\u00f3n, l\u00e1cteos y reposter\u00eda al siguiente nivel.<\/p>\n<\/div><\/div><div class=\"w-separator size_small\"><\/div><div class=\"w-btn-wrapper align_none\"><a class=\"w-btn us-btn-style_3\" href=\"https:\/\/moustache.com.co\/clientes\/caliercolombia\/unidades-de-negocio-cat\/food\/\"><span class=\"w-btn-label\">VER<\/span><\/a><\/div><\/div><\/div><\/div><\/div><\/div><\/section>\n","protected":false},"excerpt":{"rendered":"C\u00e1rnicos Ofrecemos soluciones innovadoras y de alta calidad para la industria c\u00e1rnica. Nuestros ingredientes est\u00e1n dise\u00f1ados para mejorar el sabor, la textura y el valor nutricional de tus productos, optimizando al mismo tiempo los costos de producci\u00f3n. Descubre c\u00f3mo podemos ayudarte a llevar tus productos c\u00e1rnicos al siguiente nivel. VERFood Ofrecemos soluciones innovadoras y de...","protected":false},"author":1,"featured_media":0,"parent":0,"menu_order":0,"comment_status":"closed","ping_status":"closed","template":"","meta":{"_acf_changed":false,"footnotes":""},"class_list":["post-8448","page","type-page","status-publish","hentry"],"acf":[],"_links":{"self":[{"href":"https:\/\/moustache.com.co\/clientes\/caliercolombia\/wp-json\/wp\/v2\/pages\/8448","targetHints":{"allow":["GET"]}}],"collection":[{"href":"https:\/\/moustache.com.co\/clientes\/caliercolombia\/wp-json\/wp\/v2\/pages"}],"about":[{"href":"https:\/\/moustache.com.co\/clientes\/caliercolombia\/wp-json\/wp\/v2\/types\/page"}],"author":[{"embeddable":true,"href":"https:\/\/moustache.com.co\/clientes\/caliercolombia\/wp-json\/wp\/v2\/users\/1"}],"replies":[{"embeddable":true,"href":"https:\/\/moustache.com.co\/clientes\/caliercolombia\/wp-json\/wp\/v2\/comments?post=8448"}],"version-history":[{"count":51,"href":"https:\/\/moustache.com.co\/clientes\/caliercolombia\/wp-json\/wp\/v2\/pages\/8448\/revisions"}],"predecessor-version":[{"id":9623,"href":"https:\/\/moustache.com.co\/clientes\/caliercolombia\/wp-json\/wp\/v2\/pages\/8448\/revisions\/9623"}],"wp:attachment":[{"href":"https:\/\/moustache.com.co\/clientes\/caliercolombia\/wp-json\/wp\/v2\/media?parent=8448"}],"curies":[{"name":"wp","href":"https:\/\/api.w.org\/{rel}","templated":true}]}}