{"id":10,"date":"2024-03-28T22:42:41","date_gmt":"2024-03-29T03:42:41","guid":{"rendered":"https:\/\/moustache.com.co\/clientes\/caliercolombia\/?page_id=10"},"modified":"2024-03-30T09:24:43","modified_gmt":"2024-03-30T14:24:43","slug":"inicio","status":"publish","type":"page","link":"https:\/\/moustache.com.co\/clientes\/caliercolombia\/","title":{"rendered":"Inicio"},"content":{"rendered":"<section class=\"l-section wpb_row us_custom_bde5c385 height_auto full_height valign_center\"><div class=\"l-section-h i-cf\"><div class=\"g-cols vc_row via_flex valign_top type_default stacking_default\"><div class=\"vc_col-sm-12 wpb_column vc_column_container\"><div class=\"vc_column-inner\"><div class=\"wpb_wrapper\">\n\t\t\t<!-- START pag inicio REVOLUTION SLIDER 6.7.40 --><p class=\"rs-p-wp-fix\"><\/p>\n\t\t\t<rs-module-wrap id=\"rev_slider_1_1_wrapper\" data-source=\"gallery\" style=\"visibility:hidden;background:transparent;padding:0;margin:0px auto;margin-top:0;margin-bottom:0;\">\n\t\t\t\t<rs-module id=\"rev_slider_1_1\" style=\"\" data-version=\"6.7.40\">\n\t\t\t\t\t<rs-slides style=\"overflow: hidden; position: absolute;\">\n\t\t\t\t\t\t<rs-slide style=\"position: absolute;\" data-key=\"rs-1\" data-title=\"Slide\" data-in=\"o:0;\" data-out=\"a:false;\">\n\t\t\t\t\t\t\t<img decoding=\"async\" src=\"\/\/moustache.com.co\/clientes\/caliercolombia\/wp-content\/plugins\/revslider\/sr6\/assets\/assets\/dummy.png\" alt=\"Slide\" title=\"Inicio\" class=\"rev-slidebg tp-rs-img rs-lazyload\" data-lazyload=\"\/\/moustache.com.co\/clientes\/caliercolombia\/wp-content\/plugins\/revslider\/sr6\/assets\/assets\/transparent.png\" data-no-retina>\n<!--\n\t\t\t\t\t\t\t--><rs-layer\n\t\t\t\t\t\t\t\tid=\"slider-1-slide-1-layer-0\" \n\t\t\t\t\t\t\t\tdata-type=\"image\"\n\t\t\t\t\t\t\t\tdata-rsp_ch=\"on\"\n\t\t\t\t\t\t\t\tdata-xy=\"xo:67px,67px,67px,74px;y:m;yo:-32px,-32px,-32px,85px;\"\n\t\t\t\t\t\t\t\tdata-text=\"w:normal;s:20,20,20,7;l:0,0,0,9;\"\n\t\t\t\t\t\t\t\tdata-dim=\"w:439px,439px,439px,324px;h:425px,425px,425px,314px;\"\n\t\t\t\t\t\t\t\tdata-frame_0=\"sX:0.8;sY:0.8;\"\n\t\t\t\t\t\t\t\tdata-frame_1=\"e:power4.out;st:700;sp:1000;sR:700;\"\n\t\t\t\t\t\t\t\tdata-frame_999=\"o:0;st:w;sR:7300;\"\n\t\t\t\t\t\t\t\tstyle=\"z-index:9;\"\n\t\t\t\t\t\t\t><img decoding=\"async\" src=\"\/\/moustache.com.co\/clientes\/caliercolombia\/wp-content\/plugins\/revslider\/sr6\/assets\/assets\/dummy.png\" alt=\"\" class=\"tp-rs-img rs-lazyload\" width=\"650\" height=\"629\" data-lazyload=\"\/\/moustache.com.co\/clientes\/caliercolombia\/wp-content\/uploads\/2025\/12\/slider11.png\" data-no-retina> \n\t\t\t\t\t\t\t<\/rs-layer><!--\n\n\t\t\t\t\t\t\t--><rs-layer\n\t\t\t\t\t\t\t\tid=\"slider-1-slide-1-layer-1\" \n\t\t\t\t\t\t\t\tdata-type=\"text\"\n\t\t\t\t\t\t\t\tdata-color=\"#50c8e0\"\n\t\t\t\t\t\t\t\tdata-rsp_ch=\"on\"\n\t\t\t\t\t\t\t\tdata-xy=\"xo:599px,599px,599px,34px;yo:228px,228px,228px,135px;\"\n\t\t\t\t\t\t\t\tdata-text=\"w:normal;s:43,43,43,28;l:54,54,54,35;fw:500;\"\n\t\t\t\t\t\t\t\tdata-frame_0=\"x:left;y:0,0,0,0px;\"\n\t\t\t\t\t\t\t\tdata-frame_1=\"x:0,0,0,0px;y:0,0,0,0px;st:1120;sp:1000;sR:1120;\"\n\t\t\t\t\t\t\t\tdata-frame_999=\"o:0;st:w;sR:6880;\"\n\t\t\t\t\t\t\t\tstyle=\"z-index:7;font-family:'Jost';\"\n\t\t\t\t\t\t\t>DE ALIMENTOS \n\t\t\t\t\t\t\t<\/rs-layer><!--\n\n\t\t\t\t\t\t\t--><rs-layer\n\t\t\t\t\t\t\t\tid=\"slider-1-slide-1-layer-2\" \n\t\t\t\t\t\t\t\tdata-type=\"text\"\n\t\t\t\t\t\t\t\tdata-rsp_ch=\"on\"\n\t\t\t\t\t\t\t\tdata-xy=\"xo:598px,598px,598px,34px;yo:158px,158px,158px,75px;\"\n\t\t\t\t\t\t\t\tdata-text=\"w:normal;s:35,35,35,28;l:44,44,44,37;fw:500;\"\n\t\t\t\t\t\t\t\tdata-dim=\"w:auto,auto,auto,415px;\"\n\t\t\t\t\t\t\t\tdata-frame_0=\"x:left;y:0,0,0,0px;\"\n\t\t\t\t\t\t\t\tdata-frame_1=\"x:0,0,0,0px;y:0,0,0,0px;st:500;sp:1000;sR:500;\"\n\t\t\t\t\t\t\t\tdata-frame_999=\"o:0;st:w;sR:7500;\"\n\t\t\t\t\t\t\t\tstyle=\"z-index:10;font-family:'Jost';\"\n\t\t\t\t\t\t\t>INGREDIENTES FUNCIONALES<br \/> \n\t\t\t\t\t\t\t<\/rs-layer><!--\n\n\t\t\t\t\t\t\t--><rs-layer\n\t\t\t\t\t\t\t\tid=\"slider-1-slide-1-layer-3\" \n\t\t\t\t\t\t\t\tdata-type=\"text\"\n\t\t\t\t\t\t\t\tdata-color=\"#ef762b\"\n\t\t\t\t\t\t\t\tdata-rsp_ch=\"on\"\n\t\t\t\t\t\t\t\tdata-xy=\"xo:599px,599px,599px,34px;yo:192px,192px,192px,107px;\"\n\t\t\t\t\t\t\t\tdata-text=\"w:normal;s:40,40,40,28;l:50,50,50,35;fw:500;\"\n\t\t\t\t\t\t\t\tdata-frame_0=\"x:left;y:0,0,0,0px;\"\n\t\t\t\t\t\t\t\tdata-frame_1=\"x:0,0,0,0px;y:0,0,0,0px;st:910;sp:1000;sR:910;\"\n\t\t\t\t\t\t\t\tdata-frame_999=\"o:0;st:w;sR:7090;\"\n\t\t\t\t\t\t\t\tstyle=\"z-index:8;font-family:'Jost';\"\n\t\t\t\t\t\t\t>PARA LA INDUSTRIA \n\t\t\t\t\t\t\t<\/rs-layer><!--\n\n\t\t\t\t\t\t\t--><rs-layer\n\t\t\t\t\t\t\t\tid=\"slider-1-slide-1-layer-4\" \n\t\t\t\t\t\t\t\tdata-type=\"text\"\n\t\t\t\t\t\t\t\tdata-color=\"#fff\"\n\t\t\t\t\t\t\t\tdata-rsp_ch=\"on\"\n\t\t\t\t\t\t\t\tdata-xy=\"xo:600px,600px,600px,34px;yo:290px,290px,290px,189px;\"\n\t\t\t\t\t\t\t\tdata-text=\"w:normal;l:21,21,21,20;ls:1,1,1,0;\"\n\t\t\t\t\t\t\t\tdata-dim=\"w:367,367,367,404;minh:0,0,0,none;\"\n\t\t\t\t\t\t\t\tdata-frame_0=\"rX:-70deg;oZ:-50;\"\n\t\t\t\t\t\t\t\tdata-frame_1=\"y:-1px,-1px,-1px,0px;oZ:-50;e:power4.inOut;st:1370;sp:1750;sR:1370;\"\n\t\t\t\t\t\t\t\tdata-frame_999=\"o:0;st:w;sR:5880;\"\n\t\t\t\t\t\t\t\tstyle=\"z-index:6;font-family:'Jost';\"\n\t\t\t\t\t\t\t>Vendemos y distrubuimos ingredientes alimenticios con tecnolog\u00eda que agregan valor a la industria de Alimentos en Colombia \n\t\t\t\t\t\t\t<\/rs-layer><!--\n-->\t\t\t\t\t<\/rs-slide>\n\t\t\t\t\t\t<rs-slide style=\"position: absolute;\" data-key=\"rs-2\" data-title=\"Slide\" data-in=\"o:0;\" data-out=\"a:false;\">\n\t\t\t\t\t\t\t<img decoding=\"async\" src=\"\/\/moustache.com.co\/clientes\/caliercolombia\/wp-content\/plugins\/revslider\/sr6\/assets\/assets\/dummy.png\" alt=\"Slide\" title=\"Inicio\" class=\"rev-slidebg tp-rs-img rs-lazyload\" data-lazyload=\"\/\/moustache.com.co\/clientes\/caliercolombia\/wp-content\/plugins\/revslider\/sr6\/assets\/assets\/transparent.png\" data-no-retina>\n<!--\n\t\t\t\t\t\t\t--><a\n\t\t\t\t\t\t\t\tid=\"slider-1-slide-2-layer-5\" \n\t\t\t\t\t\t\t\tclass=\"rs-layer rev-btn\"\n\t\t\t\t\t\t\t\thref=\"https:\/\/moustache.com.co\/clientes\/caliercolombia\/centro-de-innovacion-2\/\" target=\"_self\"\n\t\t\t\t\t\t\t\tdata-type=\"button\"\n\t\t\t\t\t\t\t\tdata-rsp_ch=\"on\"\n\t\t\t\t\t\t\t\tdata-xy=\"xo:-1px,-1px,-1px,-235px;yo:292px,292px,292px,335px;\"\n\t\t\t\t\t\t\t\tdata-text=\"w:normal;s:19;l:40,40,40,47;fw:500;\"\n\t\t\t\t\t\t\t\tdata-dim=\"minh:0,0,0,none;\"\n\t\t\t\t\t\t\t\tdata-padding=\"r:25,25,25,31;l:25,25,25,31;\"\n\t\t\t\t\t\t\t\tdata-frame_0=\"x:0,0,0,0px;y:0,0,0,0px;rY:360deg;\"\n\t\t\t\t\t\t\t\tdata-frame_1=\"x:219px,219px,219px,261px;y:-13px,-13px,-13px,-12px;e:back.out;st:1350;sp:500;\"\n\t\t\t\t\t\t\t\tdata-frame_999=\"o:0;st:w;sR:6670;\"\n\t\t\t\t\t\t\t\tdata-frame_hover=\"c:#fff;bgc:#003785;bor:0px,0px,0px,0px;\"\n\t\t\t\t\t\t\t\tstyle=\"z-index:9;background-color:#ff8800;font-family:'Roboto';\"\n\t\t\t\t\t\t\t>VER M\u00c1S \n\t\t\t\t\t\t\t<\/a><!--\n\n\t\t\t\t\t\t\t--><rs-layer\n\t\t\t\t\t\t\t\tid=\"slider-1-slide-2-layer-6\" \n\t\t\t\t\t\t\t\tdata-type=\"text\"\n\t\t\t\t\t\t\t\tdata-rsp_ch=\"on\"\n\t\t\t\t\t\t\t\tdata-xy=\"xo:219px,219px,219px,25px;y:m;yo:-78px,-78px,-78px,-125px;\"\n\t\t\t\t\t\t\t\tdata-text=\"w:normal;s:25,25,25,31;l:31,31,31,38;\"\n\t\t\t\t\t\t\t\tdata-dim=\"w:auto,auto,auto,412px;\"\n\t\t\t\t\t\t\t\tdata-padding=\"t:2,2,2,3;r:16,16,16,21;b:2,2,2,3;l:16,16,16,21;\"\n\t\t\t\t\t\t\t\tdata-frame_0=\"x:-40px,-40px,-40px,-52px;\"\n\t\t\t\t\t\t\t\tdata-frame_1=\"st:550;sp:1000;sR:550;\"\n\t\t\t\t\t\t\t\tdata-frame_999=\"o:0;st:w;sR:7450;\"\n\t\t\t\t\t\t\t\tstyle=\"z-index:7;background-color:#0c327a;font-family:'Jost';\"\n\t\t\t\t\t\t\t>CENTRO DE INNOVACI\u00d3N \n\t\t\t\t\t\t\t<\/rs-layer><!--\n\n\t\t\t\t\t\t\t--><rs-layer\n\t\t\t\t\t\t\t\tid=\"slider-1-slide-2-layer-7\" \n\t\t\t\t\t\t\t\tdata-type=\"text\"\n\t\t\t\t\t\t\t\tdata-color=\"#0c327a\"\n\t\t\t\t\t\t\t\tdata-rsp_ch=\"on\"\n\t\t\t\t\t\t\t\tdata-xy=\"xo:219px,219px,219px,26px;y:m;yo:-29px,-29px,-29px,-71px;\"\n\t\t\t\t\t\t\t\tdata-text=\"w:normal;s:34,34,34,33;l:44;fw:600;\"\n\t\t\t\t\t\t\t\tdata-dim=\"w:auto,auto,auto,356px;\"\n\t\t\t\t\t\t\t\tdata-padding=\"t:3;r:23,23,23,24;b:3;l:23,23,23,24;\"\n\t\t\t\t\t\t\t\tdata-frame_0=\"x:-56px,-56px,-56px,-54px;\"\n\t\t\t\t\t\t\t\tdata-frame_1=\"st:800;sp:1000;sR:800;\"\n\t\t\t\t\t\t\t\tdata-frame_999=\"o:0;st:w;sR:7200;\"\n\t\t\t\t\t\t\t\tstyle=\"z-index:8;background-color:#ffffff;font-family:'Jost';\"\n\t\t\t\t\t\t\t>ALTA TECNOLOG\u00cdA \n\t\t\t\t\t\t\t<\/rs-layer><!--\n\n\t\t\t\t\t\t\t--><rs-layer\n\t\t\t\t\t\t\t\tid=\"slider-1-slide-2-layer-10\" \n\t\t\t\t\t\t\t\tdata-type=\"image\"\n\t\t\t\t\t\t\t\tdata-rsp_ch=\"on\"\n\t\t\t\t\t\t\t\tdata-xy=\"x:r,r,r,c;xo:-3px,-3px,-3px,638px;y:m,m,m,b;yo:-46px,-46px,-46px,167px;\"\n\t\t\t\t\t\t\t\tdata-text=\"w:normal;s:20,20,20,7;l:0,0,0,9;\"\n\t\t\t\t\t\t\t\tdata-dim=\"w:1446px,1446px,1446px,733px;h:522px,522px,522px,264px;\"\n\t\t\t\t\t\t\t\tdata-basealign=\"slide\"\n\t\t\t\t\t\t\t\tdata-frame_0=\"x:50,50,50,19;\"\n\t\t\t\t\t\t\t\tdata-frame_1=\"sp:1000;\"\n\t\t\t\t\t\t\t\tdata-frame_999=\"o:0;st:w;sR:8000;\"\n\t\t\t\t\t\t\t\tstyle=\"z-index:3;\"\n\t\t\t\t\t\t\t><img decoding=\"async\" src=\"\/\/moustache.com.co\/clientes\/caliercolombia\/wp-content\/plugins\/revslider\/sr6\/assets\/assets\/dummy.png\" alt=\"\" class=\"tp-rs-img rs-lazyload\" width=\"1547\" height=\"558\" data-lazyload=\"\/\/moustache.com.co\/clientes\/caliercolombia\/wp-content\/uploads\/2024\/03\/centro-de-innovacion.png\" data-no-retina> \n\t\t\t\t\t\t\t<\/rs-layer><!--\n-->\t\t\t\t\t<\/rs-slide>\n\t\t\t\t\t<\/rs-slides>\n\t\t\t\t<\/rs-module>\n\t\t\t\t<script>\n\t\t\t\t\tsetREVStartSize({c: 'rev_slider_1_1',rl:[1240,1240,1240,480],el:[550,550,550,720],gw:[1240,1240,1240,480],gh:[550,550,550,720],type:'standard',justify:'',layout:'fullwidth',mh:\"0\"});if (window.RS_MODULES!==undefined && window.RS_MODULES.modules!==undefined && window.RS_MODULES.modules[\"revslider11\"]!==undefined) {window.RS_MODULES.modules[\"revslider11\"].once = false;window.revapi1 = undefined;if (window.RS_MODULES.checkMinimal!==undefined) window.RS_MODULES.checkMinimal()}\n\t\t\t\t<\/script>\n\t\t\t<\/rs-module-wrap>\n\t\t\t<!-- END REVOLUTION SLIDER -->\n<\/div><\/div><\/div><\/div><\/div><\/section>\n","protected":false},"excerpt":{"rendered":"DE ALIMENTOS INGREDIENTES FUNCIONALES PARA LA INDUSTRIA Vendemos y distrubuimos ingredientes alimenticios con tecnolog\u00eda que agregan valor a la industria de Alimentos en Colombia VER M\u00c1S CENTRO DE INNOVACI\u00d3N ALTA TECNOLOG\u00cdA","protected":false},"author":1,"featured_media":0,"parent":0,"menu_order":0,"comment_status":"closed","ping_status":"closed","template":"","meta":{"_acf_changed":false,"footnotes":""},"class_list":["post-10","page","type-page","status-publish","hentry"],"acf":[],"_links":{"self":[{"href":"https:\/\/moustache.com.co\/clientes\/caliercolombia\/wp-json\/wp\/v2\/pages\/10","targetHints":{"allow":["GET"]}}],"collection":[{"href":"https:\/\/moustache.com.co\/clientes\/caliercolombia\/wp-json\/wp\/v2\/pages"}],"about":[{"href":"https:\/\/moustache.com.co\/clientes\/caliercolombia\/wp-json\/wp\/v2\/types\/page"}],"author":[{"embeddable":true,"href":"https:\/\/moustache.com.co\/clientes\/caliercolombia\/wp-json\/wp\/v2\/users\/1"}],"replies":[{"embeddable":true,"href":"https:\/\/moustache.com.co\/clientes\/caliercolombia\/wp-json\/wp\/v2\/comments?post=10"}],"version-history":[{"count":18,"href":"https:\/\/moustache.com.co\/clientes\/caliercolombia\/wp-json\/wp\/v2\/pages\/10\/revisions"}],"predecessor-version":[{"id":8519,"href":"https:\/\/moustache.com.co\/clientes\/caliercolombia\/wp-json\/wp\/v2\/pages\/10\/revisions\/8519"}],"wp:attachment":[{"href":"https:\/\/moustache.com.co\/clientes\/caliercolombia\/wp-json\/wp\/v2\/media?parent=10"}],"curies":[{"name":"wp","href":"https:\/\/api.w.org\/{rel}","templated":true}]}}